{"id":26,"date":"2021-10-12T07:05:08","date_gmt":"2021-10-12T07:05:08","guid":{"rendered":"https:\/\/xstore.8theme.com\/elementor\/demos\/minimal-fashion02\/?page_id=26"},"modified":"2025-04-01T21:02:18","modified_gmt":"2025-04-01T21:02:18","slug":"acerca-de-nosotros","status":"publish","type":"page","link":"https:\/\/celabig.cl\/en\/acerca-de-nosotros\/","title":{"rendered":"Acerca de nosotros"},"content":{"rendered":"<div data-elementor-type=\"wp-page\" data-elementor-id=\"26\" class=\"elementor elementor-26\" data-elementor-post-type=\"page\">\n\t\t\t\t\t\t<section class=\"elementor-section elementor-top-section elementor-element elementor-element-d4ce856 elementor-section-content-middle elementor-section-boxed elementor-section-height-default elementor-section-height-default\" data-id=\"d4ce856\" data-element_type=\"section\">\n\t\t\t\t\t\t<div class=\"elementor-container elementor-column-gap-no\">\n\t\t\t\t\t<div class=\"elementor-column elementor-col-33 elementor-top-column elementor-element elementor-element-10918ca\" data-id=\"10918ca\" data-element_type=\"column\">\n\t\t\t<div class=\"elementor-widget-wrap elementor-element-populated\">\n\t\t\t\t\t\t<div class=\"elementor-element elementor-element-d2a8d95 etheme-parallax-scroll_effects elementor-widget elementor-widget-image\" data-id=\"d2a8d95\" data-element_type=\"widget\" data-settings=\"{&quot;etheme_parallax&quot;:&quot;yes&quot;,&quot;etheme_parallax_scroll_x&quot;:&quot;0&quot;,&quot;etheme_parallax_scroll_y&quot;:&quot;50&quot;,&quot;etheme_parallax_type&quot;:&quot;scroll_effects&quot;,&quot;etheme_parallax_scroll_scale&quot;:{&quot;unit&quot;:&quot;px&quot;,&quot;size&quot;:1,&quot;sizes&quot;:[]},&quot;etheme_parallax_scroll_z&quot;:0,&quot;etheme_parallax_scroll_rotate&quot;:{&quot;unit&quot;:&quot;px&quot;,&quot;size&quot;:0,&quot;sizes&quot;:[]},&quot;etheme_parallax_scroll_perspective&quot;:{&quot;unit&quot;:&quot;px&quot;,&quot;size&quot;:800,&quot;sizes&quot;:[]},&quot;etheme_parallax_scroll_smoothness&quot;:{&quot;unit&quot;:&quot;px&quot;,&quot;size&quot;:30,&quot;sizes&quot;:[]}}\" data-widget_type=\"image.default\">\n\t\t\t\t<div class=\"elementor-widget-container\">\n\t\t\t\t\t\t\t\t\t\t\t\t\t\t\t<img loading=\"lazy\" decoding=\"async\" width=\"1022\" height=\"1280\" src=\"https:\/\/celabig.cl\/wp-content\/uploads\/2025\/03\/WhatsApp-Image-2025-02-23-at-9.38.21-AM-1.jpeg\" class=\"attachment-full size-full wp-image-11811\" alt=\"\" srcset=\"https:\/\/celabig.cl\/wp-content\/uploads\/2025\/03\/WhatsApp-Image-2025-02-23-at-9.38.21-AM-1.jpeg 1022w, https:\/\/celabig.cl\/wp-content\/uploads\/2025\/03\/WhatsApp-Image-2025-02-23-at-9.38.21-AM-1-240x300.jpeg 240w, https:\/\/celabig.cl\/wp-content\/uploads\/2025\/03\/WhatsApp-Image-2025-02-23-at-9.38.21-AM-1-818x1024.jpeg 818w, https:\/\/celabig.cl\/wp-content\/uploads\/2025\/03\/WhatsApp-Image-2025-02-23-at-9.38.21-AM-1-768x962.jpeg 768w, https:\/\/celabig.cl\/wp-content\/uploads\/2025\/03\/WhatsApp-Image-2025-02-23-at-9.38.21-AM-1-600x751.jpeg 600w, https:\/\/celabig.cl\/wp-content\/uploads\/2025\/03\/WhatsApp-Image-2025-02-23-at-9.38.21-AM-1-1x1.jpeg 1w, https:\/\/celabig.cl\/wp-content\/uploads\/2025\/03\/WhatsApp-Image-2025-02-23-at-9.38.21-AM-1-8x10.jpeg 8w\" sizes=\"auto, (max-width: 1022px) 100vw, 1022px\" \/>\t\t\t\t\t\t\t\t\t\t\t\t\t\t\t<\/div>\n\t\t\t\t<\/div>\n\t\t\t\t\t<\/div>\n\t\t<\/div>\n\t\t\t\t<div class=\"elementor-column elementor-col-33 elementor-top-column elementor-element elementor-element-cfa8881\" data-id=\"cfa8881\" data-element_type=\"column\">\n\t\t\t<div class=\"elementor-widget-wrap elementor-element-populated\">\n\t\t\t\t\t\t<div class=\"elementor-element elementor-element-8c664e1 etheme-parallax-scroll_effects elementor-widget elementor-widget-image\" data-id=\"8c664e1\" data-element_type=\"widget\" data-settings=\"{&quot;etheme_parallax&quot;:&quot;yes&quot;,&quot;etheme_parallax_scroll_y&quot;:-80,&quot;etheme_parallax_type&quot;:&quot;scroll_effects&quot;,&quot;etheme_parallax_scroll_scale&quot;:{&quot;unit&quot;:&quot;px&quot;,&quot;size&quot;:1,&quot;sizes&quot;:[]},&quot;etheme_parallax_scroll_x&quot;:0,&quot;etheme_parallax_scroll_z&quot;:0,&quot;etheme_parallax_scroll_rotate&quot;:{&quot;unit&quot;:&quot;px&quot;,&quot;size&quot;:0,&quot;sizes&quot;:[]},&quot;etheme_parallax_scroll_perspective&quot;:{&quot;unit&quot;:&quot;px&quot;,&quot;size&quot;:800,&quot;sizes&quot;:[]},&quot;etheme_parallax_scroll_smoothness&quot;:{&quot;unit&quot;:&quot;px&quot;,&quot;size&quot;:30,&quot;sizes&quot;:[]}}\" data-widget_type=\"image.default\">\n\t\t\t\t<div class=\"elementor-widget-container\">\n\t\t\t\t\t\t\t\t\t\t\t\t\t\t\t<img loading=\"lazy\" decoding=\"async\" width=\"1023\" height=\"1280\" src=\"https:\/\/celabig.cl\/wp-content\/uploads\/2025\/03\/WhatsApp-Image-2025-02-23-at-9.38.18-AM-1.jpeg\" class=\"attachment-full size-full wp-image-11820\" alt=\"\" srcset=\"https:\/\/celabig.cl\/wp-content\/uploads\/2025\/03\/WhatsApp-Image-2025-02-23-at-9.38.18-AM-1.jpeg 1023w, https:\/\/celabig.cl\/wp-content\/uploads\/2025\/03\/WhatsApp-Image-2025-02-23-at-9.38.18-AM-1-240x300.jpeg 240w, https:\/\/celabig.cl\/wp-content\/uploads\/2025\/03\/WhatsApp-Image-2025-02-23-at-9.38.18-AM-1-818x1024.jpeg 818w, https:\/\/celabig.cl\/wp-content\/uploads\/2025\/03\/WhatsApp-Image-2025-02-23-at-9.38.18-AM-1-768x961.jpeg 768w, https:\/\/celabig.cl\/wp-content\/uploads\/2025\/03\/WhatsApp-Image-2025-02-23-at-9.38.18-AM-1-600x751.jpeg 600w, https:\/\/celabig.cl\/wp-content\/uploads\/2025\/03\/WhatsApp-Image-2025-02-23-at-9.38.18-AM-1-1x1.jpeg 1w, https:\/\/celabig.cl\/wp-content\/uploads\/2025\/03\/WhatsApp-Image-2025-02-23-at-9.38.18-AM-1-8x10.jpeg 8w\" sizes=\"auto, (max-width: 1023px) 100vw, 1023px\" \/>\t\t\t\t\t\t\t\t\t\t\t\t\t\t\t<\/div>\n\t\t\t\t<\/div>\n\t\t\t\t\t<\/div>\n\t\t<\/div>\n\t\t\t\t<div class=\"elementor-column elementor-col-33 elementor-top-column elementor-element elementor-element-f35f585\" data-id=\"f35f585\" data-element_type=\"column\">\n\t\t\t<div class=\"elementor-widget-wrap elementor-element-populated\">\n\t\t\t\t\t\t<div class=\"elementor-element elementor-element-868fd17 elementor-widget elementor-widget-etheme_animated_headline\" data-id=\"868fd17\" data-element_type=\"widget\" data-settings=\"{&quot;shape&quot;:&quot;underline&quot;,&quot;text_style&quot;:&quot;highlight&quot;,&quot;loop&quot;:&quot;yes&quot;,&quot;duration&quot;:{&quot;unit&quot;:&quot;px&quot;,&quot;size&quot;:&quot;&quot;,&quot;sizes&quot;:[]}}\" data-widget_type=\"etheme_animated_headline.default\">\n\t\t\t\t<div class=\"elementor-widget-container\">\n\t\t\t\t\t        \n        <div class=\"etheme-headline-wrapper\">\n            <h2 class=\"etheme-headline\" data-style=\"highlight\">\n\t\t                                <span class=\"etheme-headline-text-before\">\n\t                        \"Calidad, Pasi\u00f3n y Belleza \u00danica.\"                        <\/span>\n                                    <span class=\"etheme-headline-text-wrapper\">\n                \n\t\t        Celabig<svg xmlns=\"http:\/\/www.w3.org\/2000\/svg\" viewbox=\"0 0 500 150\" preserveaspectratio=\"none\"><path d=\"M5.5 125.883C149.207 118.384 329.838 103.383 495.5 125.883\"><\/path><\/svg>                \n                <\/span>\n                            <\/h2>\n        <\/div>\n        \n\t\t\t\t\t\t<\/div>\n\t\t\t\t<\/div>\n\t\t\t\t<div class=\"elementor-element elementor-element-e1c0f7b elementor-widget elementor-widget-text-editor\" data-id=\"e1c0f7b\" data-element_type=\"widget\" data-widget_type=\"text-editor.default\">\n\t\t\t\t<div class=\"elementor-widget-container\">\n\t\t\t\t\t\t\t\t\t<p><span style=\"color: #000000;\">\u00abCon m\u00e1s de 9 a\u00f1os de experiencia, Celennys Jaramillo y Abiga Medina crean arte en cada manicura y micropigmentaci\u00f3n, elevando tu belleza en Santiago.\u00bb<\/span><\/p>\t\t\t\t\t\t\t\t<\/div>\n\t\t\t\t<\/div>\n\t\t\t\t\t<\/div>\n\t\t<\/div>\n\t\t\t\t\t<\/div>\n\t\t<\/section>\n\t\t\t\t<section class=\"elementor-section elementor-top-section elementor-element elementor-element-316c6be elementor-section-boxed elementor-section-height-default elementor-section-height-default\" data-id=\"316c6be\" data-element_type=\"section\">\n\t\t\t\t\t\t<div class=\"elementor-container elementor-column-gap-no\">\n\t\t\t\t\t<div class=\"elementor-column elementor-col-100 elementor-top-column elementor-element elementor-element-86b5352\" data-id=\"86b5352\" data-element_type=\"column\">\n\t\t\t<div class=\"elementor-widget-wrap elementor-element-populated\">\n\t\t\t\t\t\t<div class=\"elementor-element elementor-element-eb7579a elementor-widget elementor-widget-heading\" data-id=\"eb7579a\" data-element_type=\"widget\" data-widget_type=\"heading.default\">\n\t\t\t\t<div class=\"elementor-widget-container\">\n\t\t\t\t\t<h2 class=\"elementor-heading-title elementor-size-default\">\"Celabig: Donde la Belleza se Convierte en Arte\"<\/h2>\t\t\t\t<\/div>\n\t\t\t\t<\/div>\n\t\t\t\t<div class=\"elementor-element elementor-element-685df36 elementor-widget elementor-widget-text-editor\" data-id=\"685df36\" data-element_type=\"widget\" data-widget_type=\"text-editor.default\">\n\t\t\t\t<div class=\"elementor-widget-container\">\n\t\t\t\t\t\t\t\t\t<div><p class=\"break-words\"><span style=\"color: #000000;\"><em>\u00abEn Providencia, Santiago, ofrecemos manicura y micropigmentaci\u00f3n con calidad premium y atenci\u00f3n \u00fanica.\u00bb<\/em><\/span><\/p><p class=\"break-words\">\u00a0<\/p><\/div>\t\t\t\t\t\t\t\t<\/div>\n\t\t\t\t<\/div>\n\t\t\t\t\t<\/div>\n\t\t<\/div>\n\t\t\t\t\t<\/div>\n\t\t<\/section>\n\t\t\t\t<section class=\"elementor-section elementor-top-section elementor-element elementor-element-a3e16ba elementor-section-boxed elementor-section-height-default elementor-section-height-default\" data-id=\"a3e16ba\" data-element_type=\"section\">\n\t\t\t\t\t\t<div class=\"elementor-container elementor-column-gap-no\">\n\t\t\t\t\t<div class=\"elementor-column elementor-col-25 elementor-top-column elementor-element elementor-element-a0ffea3\" data-id=\"a0ffea3\" data-element_type=\"column\">\n\t\t\t<div class=\"elementor-widget-wrap elementor-element-populated\">\n\t\t\t\t\t\t<div class=\"elementor-element elementor-element-236c0a7 elementor-position-top elementor-widget elementor-widget-image-box\" data-id=\"236c0a7\" data-element_type=\"widget\" data-widget_type=\"image-box.default\">\n\t\t\t\t<div class=\"elementor-widget-container\">\n\t\t\t\t\t<div class=\"elementor-image-box-wrapper\"><figure class=\"elementor-image-box-img\"><img loading=\"lazy\" decoding=\"async\" width=\"512\" height=\"512\" src=\"https:\/\/celabig.cl\/wp-content\/uploads\/2025\/03\/customer-service.png\" class=\"attachment-full size-full wp-image-11866\" alt=\"\" srcset=\"https:\/\/celabig.cl\/wp-content\/uploads\/2025\/03\/customer-service.png 512w, https:\/\/celabig.cl\/wp-content\/uploads\/2025\/03\/customer-service-300x300.png 300w, https:\/\/celabig.cl\/wp-content\/uploads\/2025\/03\/customer-service-150x150.png 150w, https:\/\/celabig.cl\/wp-content\/uploads\/2025\/03\/customer-service-100x100.png 100w, https:\/\/celabig.cl\/wp-content\/uploads\/2025\/03\/customer-service-1x1.png 1w, https:\/\/celabig.cl\/wp-content\/uploads\/2025\/03\/customer-service-10x10.png 10w\" sizes=\"auto, (max-width: 512px) 100vw, 512px\" \/><\/figure><div class=\"elementor-image-box-content\"><h3 class=\"elementor-image-box-title\">Servicios Premium<\/h3><p class=\"elementor-image-box-description\">\"Manicura y micropigmentaci\u00f3n con un toque de lujo y perfecci\u00f3n.\"<\/p><\/div><\/div>\t\t\t\t<\/div>\n\t\t\t\t<\/div>\n\t\t\t\t\t<\/div>\n\t\t<\/div>\n\t\t\t\t<div class=\"elementor-column elementor-col-25 elementor-top-column elementor-element elementor-element-3e7a4e7\" data-id=\"3e7a4e7\" data-element_type=\"column\">\n\t\t\t<div class=\"elementor-widget-wrap elementor-element-populated\">\n\t\t\t\t\t\t<div class=\"elementor-element elementor-element-72f8446 elementor-position-top elementor-widget elementor-widget-image-box\" data-id=\"72f8446\" data-element_type=\"widget\" data-widget_type=\"image-box.default\">\n\t\t\t\t<div class=\"elementor-widget-container\">\n\t\t\t\t\t<div class=\"elementor-image-box-wrapper\"><figure class=\"elementor-image-box-img\"><img loading=\"lazy\" decoding=\"async\" width=\"512\" height=\"512\" src=\"https:\/\/celabig.cl\/wp-content\/uploads\/2025\/03\/rating.png\" class=\"attachment-full size-full wp-image-11867\" alt=\"\" srcset=\"https:\/\/celabig.cl\/wp-content\/uploads\/2025\/03\/rating.png 512w, https:\/\/celabig.cl\/wp-content\/uploads\/2025\/03\/rating-300x300.png 300w, https:\/\/celabig.cl\/wp-content\/uploads\/2025\/03\/rating-150x150.png 150w, https:\/\/celabig.cl\/wp-content\/uploads\/2025\/03\/rating-100x100.png 100w, https:\/\/celabig.cl\/wp-content\/uploads\/2025\/03\/rating-1x1.png 1w, https:\/\/celabig.cl\/wp-content\/uploads\/2025\/03\/rating-10x10.png 10w\" sizes=\"auto, (max-width: 512px) 100vw, 512px\" \/><\/figure><div class=\"elementor-image-box-content\"><h3 class=\"elementor-image-box-title\">Atenci\u00f3n Personalizada<\/h3><p class=\"elementor-image-box-description\">\"Cada cliente recibe un trato \u00fanico para una experiencia inolvidable.\"<\/p><\/div><\/div>\t\t\t\t<\/div>\n\t\t\t\t<\/div>\n\t\t\t\t\t<\/div>\n\t\t<\/div>\n\t\t\t\t<div class=\"elementor-column elementor-col-25 elementor-top-column elementor-element elementor-element-9efd7e0\" data-id=\"9efd7e0\" data-element_type=\"column\">\n\t\t\t<div class=\"elementor-widget-wrap elementor-element-populated\">\n\t\t\t\t\t\t<div class=\"elementor-element elementor-element-c1fdbe1 elementor-position-top elementor-widget elementor-widget-image-box\" data-id=\"c1fdbe1\" data-element_type=\"widget\" data-widget_type=\"image-box.default\">\n\t\t\t\t<div class=\"elementor-widget-container\">\n\t\t\t\t\t<div class=\"elementor-image-box-wrapper\"><figure class=\"elementor-image-box-img\"><img loading=\"lazy\" decoding=\"async\" width=\"512\" height=\"512\" src=\"https:\/\/celabig.cl\/wp-content\/uploads\/2025\/03\/placeholder-3.png\" class=\"attachment-full size-full wp-image-11868\" alt=\"\" srcset=\"https:\/\/celabig.cl\/wp-content\/uploads\/2025\/03\/placeholder-3.png 512w, https:\/\/celabig.cl\/wp-content\/uploads\/2025\/03\/placeholder-3-300x300.png 300w, https:\/\/celabig.cl\/wp-content\/uploads\/2025\/03\/placeholder-3-150x150.png 150w, https:\/\/celabig.cl\/wp-content\/uploads\/2025\/03\/placeholder-3-100x100.png 100w, https:\/\/celabig.cl\/wp-content\/uploads\/2025\/03\/placeholder-3-1x1.png 1w, https:\/\/celabig.cl\/wp-content\/uploads\/2025\/03\/placeholder-3-10x10.png 10w\" sizes=\"auto, (max-width: 512px) 100vw, 512px\" \/><\/figure><div class=\"elementor-image-box-content\"><h3 class=\"elementor-image-box-title\">Ubicaci\u00f3n Estrat\u00e9gica<\/h3><p class=\"elementor-image-box-description\">\"Estamos en Providencia, Santiago, para que tu belleza est\u00e9 cerca.\"<\/p><\/div><\/div>\t\t\t\t<\/div>\n\t\t\t\t<\/div>\n\t\t\t\t\t<\/div>\n\t\t<\/div>\n\t\t\t\t<div class=\"elementor-column elementor-col-25 elementor-top-column elementor-element elementor-element-2be7531\" data-id=\"2be7531\" data-element_type=\"column\">\n\t\t\t<div class=\"elementor-widget-wrap elementor-element-populated\">\n\t\t\t\t\t\t<div class=\"elementor-element elementor-element-a1d2900 elementor-position-top elementor-widget elementor-widget-image-box\" data-id=\"a1d2900\" data-element_type=\"widget\" data-widget_type=\"image-box.default\">\n\t\t\t\t<div class=\"elementor-widget-container\">\n\t\t\t\t\t<div class=\"elementor-image-box-wrapper\"><figure class=\"elementor-image-box-img\"><img loading=\"lazy\" decoding=\"async\" width=\"512\" height=\"512\" src=\"https:\/\/celabig.cl\/wp-content\/uploads\/2025\/03\/nail.png\" class=\"attachment-full size-full wp-image-11869\" alt=\"\" srcset=\"https:\/\/celabig.cl\/wp-content\/uploads\/2025\/03\/nail.png 512w, https:\/\/celabig.cl\/wp-content\/uploads\/2025\/03\/nail-300x300.png 300w, https:\/\/celabig.cl\/wp-content\/uploads\/2025\/03\/nail-150x150.png 150w, https:\/\/celabig.cl\/wp-content\/uploads\/2025\/03\/nail-100x100.png 100w, https:\/\/celabig.cl\/wp-content\/uploads\/2025\/03\/nail-1x1.png 1w, https:\/\/celabig.cl\/wp-content\/uploads\/2025\/03\/nail-10x10.png 10w\" sizes=\"auto, (max-width: 512px) 100vw, 512px\" \/><\/figure><div class=\"elementor-image-box-content\"><h3 class=\"elementor-image-box-title\">Cuidado Integral<\/h3><p class=\"elementor-image-box-description\">\"Productos premium que cuidan tus u\u00f1as y piel con amor.\"<\/p><\/div><\/div>\t\t\t\t<\/div>\n\t\t\t\t<\/div>\n\t\t\t\t\t<\/div>\n\t\t<\/div>\n\t\t\t\t\t<\/div>\n\t\t<\/section>\n\t\t\t\t<\/div>","protected":false},"excerpt":{"rendered":"<p>\u00abCalidad, Pasi\u00f3n y Belleza \u00danica.\u00bb Celabig \u00abCon m\u00e1s de 9 a\u00f1os de experiencia, Celennys Jaramillo&#8230;<\/p>","protected":false},"author":1,"featured_media":0,"parent":0,"menu_order":0,"comment_status":"closed","ping_status":"closed","template":"","meta":{"footnotes":""},"class_list":["post-26","page","type-page","status-publish","hentry"],"_links":{"self":[{"href":"https:\/\/celabig.cl\/en\/wp-json\/wp\/v2\/pages\/26","targetHints":{"allow":["GET"]}}],"collection":[{"href":"https:\/\/celabig.cl\/en\/wp-json\/wp\/v2\/pages"}],"about":[{"href":"https:\/\/celabig.cl\/en\/wp-json\/wp\/v2\/types\/page"}],"author":[{"embeddable":true,"href":"https:\/\/celabig.cl\/en\/wp-json\/wp\/v2\/users\/1"}],"replies":[{"embeddable":true,"href":"https:\/\/celabig.cl\/en\/wp-json\/wp\/v2\/comments?post=26"}],"version-history":[{"count":13,"href":"https:\/\/celabig.cl\/en\/wp-json\/wp\/v2\/pages\/26\/revisions"}],"predecessor-version":[{"id":12121,"href":"https:\/\/celabig.cl\/en\/wp-json\/wp\/v2\/pages\/26\/revisions\/12121"}],"wp:attachment":[{"href":"https:\/\/celabig.cl\/en\/wp-json\/wp\/v2\/media?parent=26"}],"curies":[{"name":"wp","href":"https:\/\/api.w.org\/{rel}","templated":true}]}}