{"id":28,"date":"2021-10-12T07:05:29","date_gmt":"2021-10-12T07:05:29","guid":{"rendered":"https:\/\/xstore.8theme.com\/elementor\/demos\/minimal-fashion02\/?page_id=28"},"modified":"2025-03-16T23:17:11","modified_gmt":"2025-03-16T23:17:11","slug":"contacto","status":"publish","type":"page","link":"https:\/\/celabig.cl\/en\/contacto\/","title":{"rendered":"Contacto"},"content":{"rendered":"<div data-elementor-type=\"wp-page\" data-elementor-id=\"28\" class=\"elementor elementor-28\" data-elementor-post-type=\"page\">\n\t\t\t\t\t\t<section class=\"elementor-section elementor-top-section elementor-element elementor-element-b5620c9 elementor-section-content-middle elementor-section-boxed elementor-section-height-default elementor-section-height-default\" data-id=\"b5620c9\" data-element_type=\"section\">\n\t\t\t\t\t\t<div class=\"elementor-container elementor-column-gap-no\">\n\t\t\t\t\t<div class=\"elementor-column elementor-col-50 elementor-top-column elementor-element elementor-element-86d629b\" data-id=\"86d629b\" data-element_type=\"column\">\n\t\t\t<div class=\"elementor-widget-wrap elementor-element-populated\">\n\t\t\t\t\t\t<div class=\"elementor-element elementor-element-1a77823 elementor-widget elementor-widget-image\" data-id=\"1a77823\" data-element_type=\"widget\" data-widget_type=\"image.default\">\n\t\t\t\t<div class=\"elementor-widget-container\">\n\t\t\t\t\t\t\t\t\t\t\t\t\t\t\t<img loading=\"lazy\" decoding=\"async\" width=\"1024\" height=\"1280\" src=\"https:\/\/celabig.cl\/wp-content\/uploads\/2025\/03\/WhatsApp-Image-2025-02-23-at-9.38.19-AM-2.jpeg\" class=\"attachment-full size-full wp-image-11816\" alt=\"\" srcset=\"https:\/\/celabig.cl\/wp-content\/uploads\/2025\/03\/WhatsApp-Image-2025-02-23-at-9.38.19-AM-2.jpeg 1024w, https:\/\/celabig.cl\/wp-content\/uploads\/2025\/03\/WhatsApp-Image-2025-02-23-at-9.38.19-AM-2-240x300.jpeg 240w, https:\/\/celabig.cl\/wp-content\/uploads\/2025\/03\/WhatsApp-Image-2025-02-23-at-9.38.19-AM-2-819x1024.jpeg 819w, https:\/\/celabig.cl\/wp-content\/uploads\/2025\/03\/WhatsApp-Image-2025-02-23-at-9.38.19-AM-2-768x960.jpeg 768w, https:\/\/celabig.cl\/wp-content\/uploads\/2025\/03\/WhatsApp-Image-2025-02-23-at-9.38.19-AM-2-600x750.jpeg 600w, https:\/\/celabig.cl\/wp-content\/uploads\/2025\/03\/WhatsApp-Image-2025-02-23-at-9.38.19-AM-2-1x1.jpeg 1w, https:\/\/celabig.cl\/wp-content\/uploads\/2025\/03\/WhatsApp-Image-2025-02-23-at-9.38.19-AM-2-8x10.jpeg 8w\" sizes=\"auto, (max-width: 1024px) 100vw, 1024px\" \/>\t\t\t\t\t\t\t\t\t\t\t\t\t\t\t<\/div>\n\t\t\t\t<\/div>\n\t\t\t\t\t<\/div>\n\t\t<\/div>\n\t\t\t\t<div class=\"elementor-column elementor-col-50 elementor-top-column elementor-element elementor-element-83f1956\" data-id=\"83f1956\" data-element_type=\"column\">\n\t\t\t<div class=\"elementor-widget-wrap elementor-element-populated\">\n\t\t\t\t\t\t<div class=\"elementor-element elementor-element-5c4a930 elementor-widget elementor-widget-etheme_animated_headline\" data-id=\"5c4a930\" data-element_type=\"widget\" data-settings=\"{&quot;shape&quot;:&quot;underline&quot;,&quot;text_style&quot;:&quot;highlight&quot;,&quot;loop&quot;:&quot;yes&quot;,&quot;duration&quot;:{&quot;unit&quot;:&quot;px&quot;,&quot;size&quot;:&quot;&quot;,&quot;sizes&quot;:[]}}\" data-widget_type=\"etheme_animated_headline.default\">\n\t\t\t\t<div class=\"elementor-widget-container\">\n\t\t\t\t\t        \n        <div class=\"etheme-headline-wrapper\">\n            <h2 class=\"etheme-headline\" data-style=\"highlight\">\n\t\t                        <span class=\"etheme-headline-text-wrapper\">\n                \n\t\t        Celabig<svg xmlns=\"http:\/\/www.w3.org\/2000\/svg\" viewbox=\"0 0 500 150\" preserveaspectratio=\"none\"><path d=\"M5.5 125.883C149.207 118.384 329.838 103.383 495.5 125.883\"><\/path><\/svg>                \n                <\/span>\n                            <\/h2>\n        <\/div>\n        \n\t\t\t\t\t\t<\/div>\n\t\t\t\t<\/div>\n\t\t\t\t<div class=\"elementor-element elementor-element-7f0a34e elementor-widget elementor-widget-text-editor\" data-id=\"7f0a34e\" data-element_type=\"widget\" data-widget_type=\"text-editor.default\">\n\t\t\t\t<div class=\"elementor-widget-container\">\n\t\t\t\t\t\t\t\t\t<div><span style=\"color: #000000;\">\u00abEn Celabig Spa, tu belleza es nuestra pasi\u00f3n. Especialistas en manicura premium y micropigmentaci\u00f3n en Santiago. Cont\u00e1ctanos al +56 9 1234 5678 o escribe a <a style=\"color: #000000;\" href=\"mailto:contacto@celabig.cl\" target=\"_blank\" rel=\"noopener noreferrer\">contacto@celabig.cl<\/a>. \u00a1Reserva tu cita hoy!\u00bb<\/span><\/div>\t\t\t\t\t\t\t\t<\/div>\n\t\t\t\t<\/div>\n\t\t\t\t\t<\/div>\n\t\t<\/div>\n\t\t\t\t\t<\/div>\n\t\t<\/section>\n\t\t\t\t<section class=\"elementor-section elementor-top-section elementor-element elementor-element-abe9bef elementor-section-boxed elementor-section-height-default elementor-section-height-default\" data-id=\"abe9bef\" data-element_type=\"section\">\n\t\t\t\t\t\t<div class=\"elementor-container elementor-column-gap-no\">\n\t\t\t\t\t<div class=\"elementor-column elementor-col-100 elementor-top-column elementor-element elementor-element-48e8ea5\" data-id=\"48e8ea5\" data-element_type=\"column\">\n\t\t\t<div class=\"elementor-widget-wrap elementor-element-populated\">\n\t\t\t\t\t\t<div class=\"elementor-element elementor-element-424870d elementor-widget elementor-widget-etheme_animated_headline\" data-id=\"424870d\" data-element_type=\"widget\" data-settings=\"{&quot;shape&quot;:&quot;underline&quot;,&quot;text_style&quot;:&quot;highlight&quot;,&quot;loop&quot;:&quot;yes&quot;,&quot;duration&quot;:{&quot;unit&quot;:&quot;px&quot;,&quot;size&quot;:&quot;&quot;,&quot;sizes&quot;:[]}}\" data-widget_type=\"etheme_animated_headline.default\">\n\t\t\t\t<div class=\"elementor-widget-container\">\n\t\t\t\t\t        \n        <div class=\"etheme-headline-wrapper\">\n            <h2 class=\"etheme-headline\" data-style=\"highlight\">\n\t\t                                <span class=\"etheme-headline-text-before\">\n\t                        Contacto                        <\/span>\n                                    <span class=\"etheme-headline-text-wrapper\">\n                \n\t\t        Informaci\u00f3n<svg xmlns=\"http:\/\/www.w3.org\/2000\/svg\" viewbox=\"0 0 500 150\" preserveaspectratio=\"none\"><path d=\"M5.5 125.883C149.207 118.384 329.838 103.383 495.5 125.883\"><\/path><\/svg>                \n                <\/span>\n                            <\/h2>\n        <\/div>\n        \n\t\t\t\t\t\t<\/div>\n\t\t\t\t<\/div>\n\t\t\t\t<section class=\"elementor-section elementor-inner-section elementor-element elementor-element-4a0eb29 elementor-section-boxed elementor-section-height-default elementor-section-height-default\" data-id=\"4a0eb29\" data-element_type=\"section\">\n\t\t\t\t\t\t<div class=\"elementor-container elementor-column-gap-default\">\n\t\t\t\t\t<div class=\"elementor-column elementor-col-33 elementor-inner-column elementor-element elementor-element-3df3bc7\" data-id=\"3df3bc7\" data-element_type=\"column\">\n\t\t\t<div class=\"elementor-widget-wrap elementor-element-populated\">\n\t\t\t\t\t\t<div class=\"elementor-element elementor-element-7537f86 elementor-align-left elementor-invisible elementor-widget elementor-widget-etheme_icon_box\" data-id=\"7537f86\" data-element_type=\"widget\" data-settings=\"{&quot;icon_type&quot;:&quot;text&quot;,&quot;_animation&quot;:&quot;fadeIn&quot;}\" data-widget_type=\"etheme_icon_box.default\">\n\t\t\t\t<div class=\"elementor-widget-container\">\n\t\t\t\t\t\t\t\t<div class=\"etheme-icon-box etheme-icon-box-icon-position-top\">\n        \n                            \n                <div class=\"etheme-icon-box-icon etheme-icon-box-icon-type-text\">\n        \n                                            <span>Direcci\u00f3n <\/span>\n                                \n                <\/div>\n            \n                <div class=\"etheme-icon-box-content\">\n\t\t\n                                        \n                    \t\t\n                                            <p class=\"etheme-icon-box-description\">\n                            Padre Mariano 87, local N\u00b05 Providencia, Regi\u00f3n Metropolitana\n                        <\/p>\n                    \n                            \n                <\/div>\n\t\t\t<\/div>\n\t\t\t\t\t\t<\/div>\n\t\t\t\t<\/div>\n\t\t\t\t\t<\/div>\n\t\t<\/div>\n\t\t\t\t<div class=\"elementor-column elementor-col-33 elementor-inner-column elementor-element elementor-element-6efb334\" data-id=\"6efb334\" data-element_type=\"column\">\n\t\t\t<div class=\"elementor-widget-wrap elementor-element-populated\">\n\t\t\t\t\t\t<div class=\"elementor-element elementor-element-4945a74 elementor-align-center elementor-invisible elementor-widget elementor-widget-etheme_icon_box\" data-id=\"4945a74\" data-element_type=\"widget\" data-settings=\"{&quot;icon_type&quot;:&quot;text&quot;,&quot;_animation&quot;:&quot;fadeIn&quot;}\" data-widget_type=\"etheme_icon_box.default\">\n\t\t\t\t<div class=\"elementor-widget-container\">\n\t\t\t\t\t\t\t\t<div class=\"etheme-icon-box etheme-icon-box-icon-position-top\">\n        \n                            \n                <div class=\"etheme-icon-box-icon etheme-icon-box-icon-type-text\">\n        \n                                            <span>contacto<\/span>\n                                \n                <\/div>\n            \n                <div class=\"etheme-icon-box-content\">\n\t\t\n                                        \n                    \t\t\n                                            <p class=\"etheme-icon-box-description\">\n                            contacto@celabig.cl <br>\nTel:+56 9 3273 3196 <br>\n                        <\/p>\n                    \n                            \n                <\/div>\n\t\t\t<\/div>\n\t\t\t\t\t\t<\/div>\n\t\t\t\t<\/div>\n\t\t\t\t\t<\/div>\n\t\t<\/div>\n\t\t\t\t<div class=\"elementor-column elementor-col-33 elementor-inner-column elementor-element elementor-element-0143e7c\" data-id=\"0143e7c\" data-element_type=\"column\">\n\t\t\t<div class=\"elementor-widget-wrap elementor-element-populated\">\n\t\t\t\t\t\t<div class=\"elementor-element elementor-element-743d9d2 elementor-align-left elementor-invisible elementor-widget elementor-widget-etheme_icon_box\" data-id=\"743d9d2\" data-element_type=\"widget\" data-settings=\"{&quot;icon_type&quot;:&quot;text&quot;,&quot;_animation&quot;:&quot;fadeIn&quot;}\" data-widget_type=\"etheme_icon_box.default\">\n\t\t\t\t<div class=\"elementor-widget-container\">\n\t\t\t\t\t\t\t\t<div class=\"etheme-icon-box etheme-icon-box-icon-position-top\">\n        \n                            \n                <div class=\"etheme-icon-box-icon etheme-icon-box-icon-type-text\">\n        \n                                            <span>Celabig<\/span>\n                                \n                <\/div>\n            \n                <div class=\"etheme-icon-box-content\">\n\t\t\n                                        \n                    \t\t\n                                            <p class=\"etheme-icon-box-description\">\n                            Cursos <br>\n\nProductos <br>\n                        <\/p>\n                    \n                            \n                <\/div>\n\t\t\t<\/div>\n\t\t\t\t\t\t<\/div>\n\t\t\t\t<\/div>\n\t\t\t\t\t<\/div>\n\t\t<\/div>\n\t\t\t\t\t<\/div>\n\t\t<\/section>\n\t\t\t\t\t<\/div>\n\t\t<\/div>\n\t\t\t\t\t<\/div>\n\t\t<\/section>\n\t\t\t\t<section class=\"elementor-section elementor-top-section elementor-element elementor-element-7f1eb82 elementor-section-boxed elementor-section-height-default elementor-section-height-default elementor-invisible\" data-id=\"7f1eb82\" data-element_type=\"section\" data-settings=\"{&quot;animation&quot;:&quot;fadeIn&quot;}\">\n\t\t\t\t\t\t<div class=\"elementor-container elementor-column-gap-default\">\n\t\t\t\t\t<div class=\"elementor-column elementor-col-100 elementor-top-column elementor-element elementor-element-c1bc419\" data-id=\"c1bc419\" data-element_type=\"column\">\n\t\t\t<div class=\"elementor-widget-wrap elementor-element-populated\">\n\t\t\t\t\t\t<div class=\"elementor-element elementor-element-08a30b0 elementor-widget elementor-widget-google_maps\" data-id=\"08a30b0\" data-element_type=\"widget\" data-widget_type=\"google_maps.default\">\n\t\t\t\t<div class=\"elementor-widget-container\">\n\t\t\t\t\t\t\t<div class=\"elementor-custom-embed\">\n\t\t\t<iframe loading=\"lazy\"\n\t\t\t\t\tsrc=\"https:\/\/maps.google.com\/maps?q=padre%20mariano%2087&#038;t=m&#038;z=16&#038;output=embed&#038;iwloc=near\"\n\t\t\t\t\ttitle=\"padre mariano 87\"\n\t\t\t\t\taria-label=\"padre mariano 87\"\n\t\t\t><\/iframe>\n\t\t<\/div>\n\t\t\t\t\t\t<\/div>\n\t\t\t\t<\/div>\n\t\t\t\t\t<\/div>\n\t\t<\/div>\n\t\t\t\t\t<\/div>\n\t\t<\/section>\n\t\t\t\t<\/div>","protected":false},"excerpt":{"rendered":"<p>Celabig \u00abEn Celabig Spa, tu belleza es nuestra pasi\u00f3n. Especialistas en manicura premium y micropigmentaci\u00f3n&#8230;<\/p>","protected":false},"author":1,"featured_media":0,"parent":0,"menu_order":0,"comment_status":"closed","ping_status":"closed","template":"","meta":{"footnotes":""},"class_list":["post-28","page","type-page","status-publish","hentry"],"_links":{"self":[{"href":"https:\/\/celabig.cl\/en\/wp-json\/wp\/v2\/pages\/28","targetHints":{"allow":["GET"]}}],"collection":[{"href":"https:\/\/celabig.cl\/en\/wp-json\/wp\/v2\/pages"}],"about":[{"href":"https:\/\/celabig.cl\/en\/wp-json\/wp\/v2\/types\/page"}],"author":[{"embeddable":true,"href":"https:\/\/celabig.cl\/en\/wp-json\/wp\/v2\/users\/1"}],"replies":[{"embeddable":true,"href":"https:\/\/celabig.cl\/en\/wp-json\/wp\/v2\/comments?post=28"}],"version-history":[{"count":7,"href":"https:\/\/celabig.cl\/en\/wp-json\/wp\/v2\/pages\/28\/revisions"}],"predecessor-version":[{"id":11859,"href":"https:\/\/celabig.cl\/en\/wp-json\/wp\/v2\/pages\/28\/revisions\/11859"}],"wp:attachment":[{"href":"https:\/\/celabig.cl\/en\/wp-json\/wp\/v2\/media?parent=28"}],"curies":[{"name":"wp","href":"https:\/\/api.w.org\/{rel}","templated":true}]}}