{"id":11919,"date":"2025-03-31T01:25:00","date_gmt":"2025-03-31T01:25:00","guid":{"rendered":"https:\/\/celabig.cl\/product\/esmaltado-permanente\/"},"modified":"2026-03-19T18:03:17","modified_gmt":"2026-03-19T18:03:17","slug":"esmaltado-permanente","status":"publish","type":"product","link":"https:\/\/celabig.cl\/en\/product\/esmaltado-permanente\/","title":{"rendered":"Esmaltado Permanente"},"content":{"rendered":"<div>Disfruta de un esmaltado permanente de calidad en Celabig Spa, Providencia, Santiago. Este servicio incluye limpieza con drill, retiro de cut\u00edcula, esmaltado permanente duradero, exfoliaci\u00f3n, hidrataci\u00f3n y un masaje relajante para unas manos perfectas. Ideal para quienes buscan una manicura impecable y de larga duraci\u00f3n en Santiago.<\/div>\n<div><\/div>\n<div><span style=\"color: #ff0000;\"><strong>Nota: Puedes agregar dise\u00f1o a mano alzada, efectos (efecto ojo de gato, efecto aurora, efecto espejo), encapsulado, degrad\u00e9, cristales o siguiente nivel por un costo adicional dependiente del dise\u00f1o que elijas.<\/strong><\/span><\/div>","protected":false},"excerpt":{"rendered":"<p><span style=\"color: #ff0000;\"><strong>Consulta a nuestro WhatsApp\u00a0 <\/strong><\/span>\u00abEsmaltado permanente con limpieza, exfoliaci\u00f3n y masaje en Celabig Spa, Providencia, Santiago. \u00a1Reserva ahora!\u00bb<\/p>","protected":false},"featured_media":11979,"comment_status":"open","ping_status":"closed","template":"","meta":[],"etheme_brands":[],"product_brand":[],"product_cat":[126],"product_tag":[],"class_list":{"0":"post-11919","1":"product","2":"type-product","3":"status-publish","4":"has-post-thumbnail","6":"product_cat-manicura","8":"first","9":"instock","10":"product-type-external"},"_links":{"self":[{"href":"https:\/\/celabig.cl\/en\/wp-json\/wp\/v2\/product\/11919","targetHints":{"allow":["GET"]}}],"collection":[{"href":"https:\/\/celabig.cl\/en\/wp-json\/wp\/v2\/product"}],"about":[{"href":"https:\/\/celabig.cl\/en\/wp-json\/wp\/v2\/types\/product"}],"replies":[{"embeddable":true,"href":"https:\/\/celabig.cl\/en\/wp-json\/wp\/v2\/comments?post=11919"}],"version-history":[{"count":3,"href":"https:\/\/celabig.cl\/en\/wp-json\/wp\/v2\/product\/11919\/revisions"}],"predecessor-version":[{"id":12198,"href":"https:\/\/celabig.cl\/en\/wp-json\/wp\/v2\/product\/11919\/revisions\/12198"}],"wp:featuredmedia":[{"embeddable":true,"href":"https:\/\/celabig.cl\/en\/wp-json\/wp\/v2\/media\/11979"}],"wp:attachment":[{"href":"https:\/\/celabig.cl\/en\/wp-json\/wp\/v2\/media?parent=11919"}],"wp:term":[{"taxonomy":"brand","embeddable":true,"href":"https:\/\/celabig.cl\/en\/wp-json\/wp\/v2\/etheme_brands?post=11919"},{"taxonomy":"product_brand","embeddable":true,"href":"https:\/\/celabig.cl\/en\/wp-json\/wp\/v2\/product_brand?post=11919"},{"taxonomy":"product_cat","embeddable":true,"href":"https:\/\/celabig.cl\/en\/wp-json\/wp\/v2\/product_cat?post=11919"},{"taxonomy":"product_tag","embeddable":true,"href":"https:\/\/celabig.cl\/en\/wp-json\/wp\/v2\/product_tag?post=11919"}],"curies":[{"name":"wp","href":"https:\/\/api.w.org\/{rel}","templated":true}]}}