{"id":11920,"date":"2025-03-31T01:27:00","date_gmt":"2025-03-31T01:27:00","guid":{"rendered":"https:\/\/celabig.cl\/product\/manicura-rusa-esmaltado-permanente-nivelacion-con-base-rubber\/"},"modified":"2026-03-19T18:02:24","modified_gmt":"2026-03-19T18:02:24","slug":"manicura-rusa-esmaltado-permanente-nivelacion-con-base-rubber","status":"publish","type":"product","link":"https:\/\/celabig.cl\/en\/product\/manicura-rusa-esmaltado-permanente-nivelacion-con-base-rubber\/","title":{"rendered":"Manicura Rusa + Esmaltado Permanente (Nivelaci\u00f3n con Base Rubber)"},"content":{"rendered":"<div>Experimenta la mejor manicura rusa en Santiago con Celabig Spa. Incluye limpieza profunda con drill, nivelaci\u00f3n con base rubber, retiro de esmaltado anterior (realizado por Celabig), reparaci\u00f3n de u\u00f1a quebrada, esmaltado permanente, exfoliaci\u00f3n, hidrataci\u00f3n y masaje relajante. Perfecto para un acabado profesional y duradero en Providencia.<\/div>\n<div><\/div>\n<div><span style=\"color: #ff0000;\"><strong>Nota: Puedes agregar dise\u00f1o a mano alzada, efectos (efecto ojo de gato, efecto aurora, efecto espejo), encapsulado, degrad\u00e9, cristales o siguiente nivel por un costo adicional dependiente del dise\u00f1o que elijas.<\/strong><\/span><\/div>","protected":false},"excerpt":{"rendered":"<p><span style=\"color: #ff0000;\"><strong>Consulta a nuestro WhatsApp\u00a0 <\/strong><\/span>\u00abManicura rusa con nivelaci\u00f3n y esmaltado permanente en Celabig Spa, Santiago. \u00a1Reserva tu cita hoy!\u00bb<\/p>","protected":false},"featured_media":12007,"comment_status":"open","ping_status":"closed","template":"","meta":[],"etheme_brands":[],"product_brand":[],"product_cat":[126],"product_tag":[],"class_list":{"0":"post-11920","1":"product","2":"type-product","3":"status-publish","4":"has-post-thumbnail","6":"product_cat-manicura","8":"first","9":"instock","10":"product-type-external"},"_links":{"self":[{"href":"https:\/\/celabig.cl\/en\/wp-json\/wp\/v2\/product\/11920","targetHints":{"allow":["GET"]}}],"collection":[{"href":"https:\/\/celabig.cl\/en\/wp-json\/wp\/v2\/product"}],"about":[{"href":"https:\/\/celabig.cl\/en\/wp-json\/wp\/v2\/types\/product"}],"replies":[{"embeddable":true,"href":"https:\/\/celabig.cl\/en\/wp-json\/wp\/v2\/comments?post=11920"}],"version-history":[{"count":3,"href":"https:\/\/celabig.cl\/en\/wp-json\/wp\/v2\/product\/11920\/revisions"}],"predecessor-version":[{"id":12197,"href":"https:\/\/celabig.cl\/en\/wp-json\/wp\/v2\/product\/11920\/revisions\/12197"}],"wp:featuredmedia":[{"embeddable":true,"href":"https:\/\/celabig.cl\/en\/wp-json\/wp\/v2\/media\/12007"}],"wp:attachment":[{"href":"https:\/\/celabig.cl\/en\/wp-json\/wp\/v2\/media?parent=11920"}],"wp:term":[{"taxonomy":"brand","embeddable":true,"href":"https:\/\/celabig.cl\/en\/wp-json\/wp\/v2\/etheme_brands?post=11920"},{"taxonomy":"product_brand","embeddable":true,"href":"https:\/\/celabig.cl\/en\/wp-json\/wp\/v2\/product_brand?post=11920"},{"taxonomy":"product_cat","embeddable":true,"href":"https:\/\/celabig.cl\/en\/wp-json\/wp\/v2\/product_cat?post=11920"},{"taxonomy":"product_tag","embeddable":true,"href":"https:\/\/celabig.cl\/en\/wp-json\/wp\/v2\/product_tag?post=11920"}],"curies":[{"name":"wp","href":"https:\/\/api.w.org\/{rel}","templated":true}]}}