{"id":11921,"date":"2025-03-31T01:27:00","date_gmt":"2025-03-31T01:27:00","guid":{"rendered":"https:\/\/celabig.cl\/product\/acrilicas\/"},"modified":"2026-03-19T18:02:41","modified_gmt":"2026-03-19T18:02:41","slug":"acrilicas","status":"publish","type":"product","link":"https:\/\/celabig.cl\/en\/product\/acrilicas\/","title":{"rendered":"U\u00f1as Acr\u00edlicas"},"content":{"rendered":"<div>Luce unas u\u00f1as acr\u00edlicas espectaculares en Celabig Spa, Providencia, Santiago. Este servicio incluye limpieza profunda, aplicaci\u00f3n de acr\u00edlico color nude hasta largo #3, esmaltado permanente, reparaci\u00f3n de u\u00f1a da\u00f1ada, exfoliaci\u00f3n, hidrataci\u00f3n, masaje relajante, 1 u\u00f1a con encapsulado y retiro de sistema anterior (realizado en Celabig). La mejor opci\u00f3n para u\u00f1as acr\u00edlicas en Santiago.<\/div>\n<div><\/div>\n<div><span style=\"color: #ff0000;\"><strong>Nota: Puedes agregar dise\u00f1o a mano alzada, efectos (efecto ojo de gato, efecto aurora, efecto espejo), encapsulado, degrad\u00e9, cristales o siguiente nivel por un costo adicional dependiente del dise\u00f1o que elijas.<\/strong><\/span><\/div>","protected":false},"excerpt":{"rendered":"<p><span style=\"color: #ff0000;\"><strong>Consulta a nuestro WhatsApp\u00a0 <\/strong><\/span>\u00abU\u00f1as acr\u00edlicas con dise\u00f1o y cuidado premium en Celabig Spa, Providencia, Santiago. \u00a1Reserva ahora!\u00bb<\/p>","protected":false},"featured_media":12013,"comment_status":"open","ping_status":"closed","template":"","meta":[],"etheme_brands":[],"product_brand":[],"product_cat":[126],"product_tag":[],"class_list":{"0":"post-11921","1":"product","2":"type-product","3":"status-publish","4":"has-post-thumbnail","6":"product_cat-manicura","8":"first","9":"instock","10":"product-type-external"},"_links":{"self":[{"href":"https:\/\/celabig.cl\/en\/wp-json\/wp\/v2\/product\/11921","targetHints":{"allow":["GET"]}}],"collection":[{"href":"https:\/\/celabig.cl\/en\/wp-json\/wp\/v2\/product"}],"about":[{"href":"https:\/\/celabig.cl\/en\/wp-json\/wp\/v2\/types\/product"}],"replies":[{"embeddable":true,"href":"https:\/\/celabig.cl\/en\/wp-json\/wp\/v2\/comments?post=11921"}],"version-history":[{"count":3,"href":"https:\/\/celabig.cl\/en\/wp-json\/wp\/v2\/product\/11921\/revisions"}],"predecessor-version":[{"id":12196,"href":"https:\/\/celabig.cl\/en\/wp-json\/wp\/v2\/product\/11921\/revisions\/12196"}],"wp:featuredmedia":[{"embeddable":true,"href":"https:\/\/celabig.cl\/en\/wp-json\/wp\/v2\/media\/12013"}],"wp:attachment":[{"href":"https:\/\/celabig.cl\/en\/wp-json\/wp\/v2\/media?parent=11921"}],"wp:term":[{"taxonomy":"brand","embeddable":true,"href":"https:\/\/celabig.cl\/en\/wp-json\/wp\/v2\/etheme_brands?post=11921"},{"taxonomy":"product_brand","embeddable":true,"href":"https:\/\/celabig.cl\/en\/wp-json\/wp\/v2\/product_brand?post=11921"},{"taxonomy":"product_cat","embeddable":true,"href":"https:\/\/celabig.cl\/en\/wp-json\/wp\/v2\/product_cat?post=11921"},{"taxonomy":"product_tag","embeddable":true,"href":"https:\/\/celabig.cl\/en\/wp-json\/wp\/v2\/product_tag?post=11921"}],"curies":[{"name":"wp","href":"https:\/\/api.w.org\/{rel}","templated":true}]}}