{"id":11924,"date":"2025-03-31T01:28:00","date_gmt":"2025-03-31T01:28:00","guid":{"rendered":"https:\/\/celabig.cl\/product\/soft-gel\/"},"modified":"2026-03-19T18:01:05","modified_gmt":"2026-03-19T18:01:05","slug":"soft-gel","status":"publish","type":"product","link":"https:\/\/celabig.cl\/en\/product\/soft-gel\/","title":{"rendered":"U\u00f1as Soft Gel"},"content":{"rendered":"<div>Luce unas u\u00f1as impecables con soft gel en Celabig Spa, Santiago. Incluye limpieza profunda, aplicaci\u00f3n de soft gel, esmaltado permanente, retiro de sistema anterior (realizado en Celabig), exfoliaci\u00f3n, hidrataci\u00f3n, masaje relajante y 1 u\u00f1a con encapsulado. Ideal para un acabado natural y brillante en Providencia, Santiago.<\/div>\n<div><\/div>\n<div><span style=\"color: #ff0000;\"><strong>Nota: Puedes agregar dise\u00f1o a mano alzada, efectos (efecto ojo de gato, efecto aurora, efecto espejo), encapsulado, degrad\u00e9, cristales o siguiente nivel por un costo adicional dependiente del dise\u00f1o que elijas.<\/strong><\/span><\/div>","protected":false},"excerpt":{"rendered":"<p><span style=\"color: #ff0000;\"><strong>Consulta a nuestro WhatsApp\u00a0 <\/strong><\/span>\u00abU\u00f1as soft gel con cuidado premium en Celabig Spa, Providencia, Santiago. \u00a1Reserva ahora!\u00bb<\/p>","protected":false},"featured_media":12012,"comment_status":"open","ping_status":"closed","template":"","meta":[],"etheme_brands":[],"product_brand":[],"product_cat":[126],"product_tag":[],"class_list":{"0":"post-11924","1":"product","2":"type-product","3":"status-publish","4":"has-post-thumbnail","6":"product_cat-manicura","8":"first","9":"instock","10":"product-type-external"},"_links":{"self":[{"href":"https:\/\/celabig.cl\/en\/wp-json\/wp\/v2\/product\/11924","targetHints":{"allow":["GET"]}}],"collection":[{"href":"https:\/\/celabig.cl\/en\/wp-json\/wp\/v2\/product"}],"about":[{"href":"https:\/\/celabig.cl\/en\/wp-json\/wp\/v2\/types\/product"}],"replies":[{"embeddable":true,"href":"https:\/\/celabig.cl\/en\/wp-json\/wp\/v2\/comments?post=11924"}],"version-history":[{"count":4,"href":"https:\/\/celabig.cl\/en\/wp-json\/wp\/v2\/product\/11924\/revisions"}],"predecessor-version":[{"id":12193,"href":"https:\/\/celabig.cl\/en\/wp-json\/wp\/v2\/product\/11924\/revisions\/12193"}],"wp:featuredmedia":[{"embeddable":true,"href":"https:\/\/celabig.cl\/en\/wp-json\/wp\/v2\/media\/12012"}],"wp:attachment":[{"href":"https:\/\/celabig.cl\/en\/wp-json\/wp\/v2\/media?parent=11924"}],"wp:term":[{"taxonomy":"brand","embeddable":true,"href":"https:\/\/celabig.cl\/en\/wp-json\/wp\/v2\/etheme_brands?post=11924"},{"taxonomy":"product_brand","embeddable":true,"href":"https:\/\/celabig.cl\/en\/wp-json\/wp\/v2\/product_brand?post=11924"},{"taxonomy":"product_cat","embeddable":true,"href":"https:\/\/celabig.cl\/en\/wp-json\/wp\/v2\/product_cat?post=11924"},{"taxonomy":"product_tag","embeddable":true,"href":"https:\/\/celabig.cl\/en\/wp-json\/wp\/v2\/product_tag?post=11924"}],"curies":[{"name":"wp","href":"https:\/\/api.w.org\/{rel}","templated":true}]}}