{"id":11925,"date":"2025-03-31T01:28:00","date_gmt":"2025-03-31T01:28:00","guid":{"rendered":"https:\/\/celabig.cl\/product\/dual-system\/"},"modified":"2026-03-19T18:01:25","modified_gmt":"2026-03-19T18:01:25","slug":"dual-system","status":"publish","type":"product","link":"https:\/\/celabig.cl\/en\/product\/dual-system\/","title":{"rendered":"Dual System U\u00f1as"},"content":{"rendered":"<div>Descubre el dual system en Celabig Spa, Providencia, Santiago. Incluye limpieza profunda, aplicaci\u00f3n de polygel, esmaltado permanente, retiro de sistema anterior (realizado en Celabig), reparaci\u00f3n de u\u00f1a da\u00f1ada, exfoliaci\u00f3n, hidrataci\u00f3n, masaje relajante, 1 u\u00f1a con encapsulado y baby boomer. Perfecto para un estilo moderno y duradero en Santiago.<\/div>\n<div><\/div>\n<div><span style=\"color: #ff0000;\"><strong>Nota: Puedes agregar dise\u00f1o a mano alzada, efectos (efecto ojo de gato, efecto aurora, efecto espejo), encapsulado, degrad\u00e9, cristales o siguiente nivel por un costo adicional dependiente del dise\u00f1o que elijas.<\/strong><\/span><\/div>","protected":false},"excerpt":{"rendered":"<p><span style=\"color: #ff0000;\"><strong>Consulta a nuestro WhatsApp\u00a0 <\/strong><\/span>\u00abDual system con baby boomer en Celabig Spa, Providencia, Santiago. \u00a1Reserva tu cita!\u00bb<\/p>","protected":false},"featured_media":14375,"comment_status":"open","ping_status":"closed","template":"","meta":[],"etheme_brands":[],"product_brand":[],"product_cat":[126],"product_tag":[],"class_list":{"0":"post-11925","1":"product","2":"type-product","3":"status-publish","4":"has-post-thumbnail","6":"product_cat-manicura","8":"first","9":"instock","10":"product-type-external"},"_links":{"self":[{"href":"https:\/\/celabig.cl\/en\/wp-json\/wp\/v2\/product\/11925","targetHints":{"allow":["GET"]}}],"collection":[{"href":"https:\/\/celabig.cl\/en\/wp-json\/wp\/v2\/product"}],"about":[{"href":"https:\/\/celabig.cl\/en\/wp-json\/wp\/v2\/types\/product"}],"replies":[{"embeddable":true,"href":"https:\/\/celabig.cl\/en\/wp-json\/wp\/v2\/comments?post=11925"}],"version-history":[{"count":5,"href":"https:\/\/celabig.cl\/en\/wp-json\/wp\/v2\/product\/11925\/revisions"}],"predecessor-version":[{"id":14379,"href":"https:\/\/celabig.cl\/en\/wp-json\/wp\/v2\/product\/11925\/revisions\/14379"}],"wp:featuredmedia":[{"embeddable":true,"href":"https:\/\/celabig.cl\/en\/wp-json\/wp\/v2\/media\/14375"}],"wp:attachment":[{"href":"https:\/\/celabig.cl\/en\/wp-json\/wp\/v2\/media?parent=11925"}],"wp:term":[{"taxonomy":"brand","embeddable":true,"href":"https:\/\/celabig.cl\/en\/wp-json\/wp\/v2\/etheme_brands?post=11925"},{"taxonomy":"product_brand","embeddable":true,"href":"https:\/\/celabig.cl\/en\/wp-json\/wp\/v2\/product_brand?post=11925"},{"taxonomy":"product_cat","embeddable":true,"href":"https:\/\/celabig.cl\/en\/wp-json\/wp\/v2\/product_cat?post=11925"},{"taxonomy":"product_tag","embeddable":true,"href":"https:\/\/celabig.cl\/en\/wp-json\/wp\/v2\/product_tag?post=11925"}],"curies":[{"name":"wp","href":"https:\/\/api.w.org\/{rel}","templated":true}]}}