{"id":11927,"date":"2025-03-31T01:28:00","date_gmt":"2025-03-31T01:28:00","guid":{"rendered":"https:\/\/celabig.cl\/product\/micropigmentacion-de-labios-retoque\/"},"modified":"2026-03-19T18:01:49","modified_gmt":"2026-03-19T18:01:49","slug":"micropigmentacion-de-labios-retoque","status":"publish","type":"product","link":"https:\/\/celabig.cl\/en\/product\/micropigmentacion-de-labios-retoque\/","title":{"rendered":"Micropigmentaci\u00f3n de Labios + Retoque"},"content":{"rendered":"<p>Realza tu sonrisa con la micropigmentaci\u00f3n de labios en Celabig Spa, Providencia, Santiago. Obt\u00e9n labios perfectos con color duradero y contorno definido. Incluye micropigmentaci\u00f3n (full color, acuarela lips o neutralizaci\u00f3n labial), retoque a los 45 d\u00edas y asesor\u00eda personalizada. Ahorra tiempo y corrige imperfecciones con la mejor micropigmentaci\u00f3n de labios en Santiago.<\/p>","protected":false},"excerpt":{"rendered":"<p><span style=\"color: #ff0000;\"><strong>Consulta a nuestro WhatsApp\u00a0 <\/strong><\/span>\u00abMicropigmentaci\u00f3n de labios con retoque en Celabig Spa, Providencia, Santiago. \u00a1Reserva ahora!\u00bb<\/p>","protected":false},"featured_media":11998,"comment_status":"open","ping_status":"closed","template":"","meta":[],"etheme_brands":[],"product_brand":[],"product_cat":[127],"product_tag":[],"class_list":{"0":"post-11927","1":"product","2":"type-product","3":"status-publish","4":"has-post-thumbnail","6":"product_cat-micropigmentacion","8":"first","9":"instock","10":"sold-individually","11":"product-type-external"},"_links":{"self":[{"href":"https:\/\/celabig.cl\/en\/wp-json\/wp\/v2\/product\/11927","targetHints":{"allow":["GET"]}}],"collection":[{"href":"https:\/\/celabig.cl\/en\/wp-json\/wp\/v2\/product"}],"about":[{"href":"https:\/\/celabig.cl\/en\/wp-json\/wp\/v2\/types\/product"}],"replies":[{"embeddable":true,"href":"https:\/\/celabig.cl\/en\/wp-json\/wp\/v2\/comments?post=11927"}],"version-history":[{"count":3,"href":"https:\/\/celabig.cl\/en\/wp-json\/wp\/v2\/product\/11927\/revisions"}],"predecessor-version":[{"id":12190,"href":"https:\/\/celabig.cl\/en\/wp-json\/wp\/v2\/product\/11927\/revisions\/12190"}],"wp:featuredmedia":[{"embeddable":true,"href":"https:\/\/celabig.cl\/en\/wp-json\/wp\/v2\/media\/11998"}],"wp:attachment":[{"href":"https:\/\/celabig.cl\/en\/wp-json\/wp\/v2\/media?parent=11927"}],"wp:term":[{"taxonomy":"brand","embeddable":true,"href":"https:\/\/celabig.cl\/en\/wp-json\/wp\/v2\/etheme_brands?post=11927"},{"taxonomy":"product_brand","embeddable":true,"href":"https:\/\/celabig.cl\/en\/wp-json\/wp\/v2\/product_brand?post=11927"},{"taxonomy":"product_cat","embeddable":true,"href":"https:\/\/celabig.cl\/en\/wp-json\/wp\/v2\/product_cat?post=11927"},{"taxonomy":"product_tag","embeddable":true,"href":"https:\/\/celabig.cl\/en\/wp-json\/wp\/v2\/product_tag?post=11927"}],"curies":[{"name":"wp","href":"https:\/\/api.w.org\/{rel}","templated":true}]}}