{"id":11928,"date":"2025-03-31T01:28:00","date_gmt":"2025-03-31T01:28:00","guid":{"rendered":"https:\/\/celabig.cl\/product\/micropigmentacion-de-cejas-retoque\/"},"modified":"2026-03-19T18:02:09","modified_gmt":"2026-03-19T18:02:09","slug":"micropigmentacion-de-cejas-retoque","status":"publish","type":"product","link":"https:\/\/celabig.cl\/en\/product\/micropigmentacion-de-cejas-retoque\/","title":{"rendered":"Micropigmentaci\u00f3n de Cejas + Retoque"},"content":{"rendered":"<p>Intensifica tu mirada con la micropigmentaci\u00f3n de cejas en Celabig Spa, Santiago. Disfruta de cejas definidas y a prueba de agua con un efecto lifting natural. Incluye micropigmentaci\u00f3n (cejas shading), retoque a los 45 d\u00edas, dise\u00f1o personalizado y un procedimiento indoloro. La mejor micropigmentaci\u00f3n de cejas en Providencia, Santiago.<\/p>","protected":false},"excerpt":{"rendered":"<p><span style=\"color: #ff0000;\"><strong>Consulta a nuestro WhatsApp\u00a0 <\/strong><\/span>\u00abMicropigmentaci\u00f3n de cejas con retoque en Celabig Spa, Providencia, Santiago. \u00a1Reserva ahora!\u00bb<\/p>","protected":false},"featured_media":11989,"comment_status":"open","ping_status":"closed","template":"","meta":[],"etheme_brands":[],"product_brand":[],"product_cat":[127],"product_tag":[],"class_list":{"0":"post-11928","1":"product","2":"type-product","3":"status-publish","4":"has-post-thumbnail","6":"product_cat-micropigmentacion","8":"first","9":"instock","10":"sold-individually","11":"product-type-external"},"_links":{"self":[{"href":"https:\/\/celabig.cl\/en\/wp-json\/wp\/v2\/product\/11928","targetHints":{"allow":["GET"]}}],"collection":[{"href":"https:\/\/celabig.cl\/en\/wp-json\/wp\/v2\/product"}],"about":[{"href":"https:\/\/celabig.cl\/en\/wp-json\/wp\/v2\/types\/product"}],"replies":[{"embeddable":true,"href":"https:\/\/celabig.cl\/en\/wp-json\/wp\/v2\/comments?post=11928"}],"version-history":[{"count":3,"href":"https:\/\/celabig.cl\/en\/wp-json\/wp\/v2\/product\/11928\/revisions"}],"predecessor-version":[{"id":12189,"href":"https:\/\/celabig.cl\/en\/wp-json\/wp\/v2\/product\/11928\/revisions\/12189"}],"wp:featuredmedia":[{"embeddable":true,"href":"https:\/\/celabig.cl\/en\/wp-json\/wp\/v2\/media\/11989"}],"wp:attachment":[{"href":"https:\/\/celabig.cl\/en\/wp-json\/wp\/v2\/media?parent=11928"}],"wp:term":[{"taxonomy":"brand","embeddable":true,"href":"https:\/\/celabig.cl\/en\/wp-json\/wp\/v2\/etheme_brands?post=11928"},{"taxonomy":"product_brand","embeddable":true,"href":"https:\/\/celabig.cl\/en\/wp-json\/wp\/v2\/product_brand?post=11928"},{"taxonomy":"product_cat","embeddable":true,"href":"https:\/\/celabig.cl\/en\/wp-json\/wp\/v2\/product_cat?post=11928"},{"taxonomy":"product_tag","embeddable":true,"href":"https:\/\/celabig.cl\/en\/wp-json\/wp\/v2\/product_tag?post=11928"}],"curies":[{"name":"wp","href":"https:\/\/api.w.org\/{rel}","templated":true}]}}