{"id":11929,"date":"2025-03-31T01:29:00","date_gmt":"2025-03-31T01:29:00","guid":{"rendered":"https:\/\/celabig.cl\/product\/manicure-pro-pedicure\/"},"modified":"2026-03-19T17:59:40","modified_gmt":"2026-03-19T17:59:40","slug":"manicure-pro-pedicure","status":"publish","type":"product","link":"https:\/\/celabig.cl\/en\/product\/manicure-pro-pedicure\/","title":{"rendered":"Manicure Pro + Pedicure"},"content":{"rendered":"<p>Disfruta de un combo de manicure y pedicure premium en Celabig Spa, Providencia, Santiago. Manicure permanente con limpieza con drill, esmaltado permanente, hidrataci\u00f3n, exfoliaci\u00f3n y masaje relajante. Pedicure con limpieza profunda, esmaltado permanente, pulido de durezas, exfoliaci\u00f3n, hidrataci\u00f3n y masaje relajante. La mejor experiencia de belleza en Santiago.<\/p>","protected":false},"excerpt":{"rendered":"<p><span style=\"color: #ff0000;\"><strong>Consulta a nuestro WhatsApp\u00a0 <\/strong><\/span>\u00abManicure y pedicure premium en combo en Celabig Spa, Providencia, Santiago. \u00a1Reserva tu cita ahora!\u00bb<\/p>","protected":false},"featured_media":14387,"comment_status":"open","ping_status":"closed","template":"","meta":[],"etheme_brands":[],"product_brand":[],"product_cat":[129],"product_tag":[],"class_list":{"0":"post-11929","1":"product","2":"type-product","3":"status-publish","4":"has-post-thumbnail","6":"product_cat-combo","8":"first","9":"instock","10":"sold-individually","11":"product-type-external"},"_links":{"self":[{"href":"https:\/\/celabig.cl\/en\/wp-json\/wp\/v2\/product\/11929","targetHints":{"allow":["GET"]}}],"collection":[{"href":"https:\/\/celabig.cl\/en\/wp-json\/wp\/v2\/product"}],"about":[{"href":"https:\/\/celabig.cl\/en\/wp-json\/wp\/v2\/types\/product"}],"replies":[{"embeddable":true,"href":"https:\/\/celabig.cl\/en\/wp-json\/wp\/v2\/comments?post=11929"}],"version-history":[{"count":3,"href":"https:\/\/celabig.cl\/en\/wp-json\/wp\/v2\/product\/11929\/revisions"}],"predecessor-version":[{"id":12188,"href":"https:\/\/celabig.cl\/en\/wp-json\/wp\/v2\/product\/11929\/revisions\/12188"}],"wp:featuredmedia":[{"embeddable":true,"href":"https:\/\/celabig.cl\/en\/wp-json\/wp\/v2\/media\/14387"}],"wp:attachment":[{"href":"https:\/\/celabig.cl\/en\/wp-json\/wp\/v2\/media?parent=11929"}],"wp:term":[{"taxonomy":"brand","embeddable":true,"href":"https:\/\/celabig.cl\/en\/wp-json\/wp\/v2\/etheme_brands?post=11929"},{"taxonomy":"product_brand","embeddable":true,"href":"https:\/\/celabig.cl\/en\/wp-json\/wp\/v2\/product_brand?post=11929"},{"taxonomy":"product_cat","embeddable":true,"href":"https:\/\/celabig.cl\/en\/wp-json\/wp\/v2\/product_cat?post=11929"},{"taxonomy":"product_tag","embeddable":true,"href":"https:\/\/celabig.cl\/en\/wp-json\/wp\/v2\/product_tag?post=11929"}],"curies":[{"name":"wp","href":"https:\/\/api.w.org\/{rel}","templated":true}]}}