{"id":11930,"date":"2025-03-31T01:29:00","date_gmt":"2025-03-31T01:29:00","guid":{"rendered":"https:\/\/celabig.cl\/product\/pedicure-limpieza-profunda-esmaltado-permanente\/"},"modified":"2026-03-19T17:59:08","modified_gmt":"2026-03-19T17:59:08","slug":"pedicure-limpieza-profunda-esmaltado-permanente","status":"publish","type":"product","link":"https:\/\/celabig.cl\/en\/product\/pedicure-limpieza-profunda-esmaltado-permanente\/","title":{"rendered":"Pedicure + Limpieza Profunda + Esmaltado Permanente"},"content":{"rendered":"<p>Luce pies perfectos con nuestro pedicure en Celabig Spa, Santiago. Incluye limpieza profunda de u\u00f1as con drill, esmaltado permanente (1 tono), pulido de durezas, exfoliaci\u00f3n, hidrataci\u00f3n y masaje relajante. Ideal para un cuidado completo de tus pies en Providencia, Santiago.<\/p>","protected":false},"excerpt":{"rendered":"<p><span style=\"color: #ff0000;\"><strong>Consulta a nuestro WhatsApp\u00a0 <\/strong><\/span>\u00abPedicure con esmaltado permanente en Celabig Spa, Providencia, Santiago. \u00a1Reserva ahora!\u00bb<\/p>","protected":false},"featured_media":12008,"comment_status":"open","ping_status":"closed","template":"","meta":[],"etheme_brands":[],"product_brand":[],"product_cat":[128],"product_tag":[],"class_list":{"0":"post-11930","1":"product","2":"type-product","3":"status-publish","4":"has-post-thumbnail","6":"product_cat-pedicura","8":"first","9":"instock","10":"sold-individually","11":"product-type-external"},"_links":{"self":[{"href":"https:\/\/celabig.cl\/en\/wp-json\/wp\/v2\/product\/11930","targetHints":{"allow":["GET"]}}],"collection":[{"href":"https:\/\/celabig.cl\/en\/wp-json\/wp\/v2\/product"}],"about":[{"href":"https:\/\/celabig.cl\/en\/wp-json\/wp\/v2\/types\/product"}],"replies":[{"embeddable":true,"href":"https:\/\/celabig.cl\/en\/wp-json\/wp\/v2\/comments?post=11930"}],"version-history":[{"count":3,"href":"https:\/\/celabig.cl\/en\/wp-json\/wp\/v2\/product\/11930\/revisions"}],"predecessor-version":[{"id":12187,"href":"https:\/\/celabig.cl\/en\/wp-json\/wp\/v2\/product\/11930\/revisions\/12187"}],"wp:featuredmedia":[{"embeddable":true,"href":"https:\/\/celabig.cl\/en\/wp-json\/wp\/v2\/media\/12008"}],"wp:attachment":[{"href":"https:\/\/celabig.cl\/en\/wp-json\/wp\/v2\/media?parent=11930"}],"wp:term":[{"taxonomy":"brand","embeddable":true,"href":"https:\/\/celabig.cl\/en\/wp-json\/wp\/v2\/etheme_brands?post=11930"},{"taxonomy":"product_brand","embeddable":true,"href":"https:\/\/celabig.cl\/en\/wp-json\/wp\/v2\/product_brand?post=11930"},{"taxonomy":"product_cat","embeddable":true,"href":"https:\/\/celabig.cl\/en\/wp-json\/wp\/v2\/product_cat?post=11930"},{"taxonomy":"product_tag","embeddable":true,"href":"https:\/\/celabig.cl\/en\/wp-json\/wp\/v2\/product_tag?post=11930"}],"curies":[{"name":"wp","href":"https:\/\/api.w.org\/{rel}","templated":true}]}}