{"id":11931,"date":"2025-03-31T01:29:00","date_gmt":"2025-03-31T01:29:00","guid":{"rendered":"https:\/\/celabig.cl\/product\/pedicure-spa\/"},"modified":"2026-03-19T17:59:25","modified_gmt":"2026-03-19T17:59:25","slug":"pedicure-spa","status":"publish","type":"product","link":"https:\/\/celabig.cl\/en\/product\/pedicure-spa\/","title":{"rendered":"Pedicure SPA"},"content":{"rendered":"<p>Rel\u00e1jate con un pedicure SPA en Celabig Spa, Providencia, Santiago. Incluye limpieza profunda de u\u00f1as con drill, pulido de durezas, exfoliaci\u00f3n, hidrataci\u00f3n y masaje relajante. Perfecto para un cuidado rejuvenecedor de tus pies en Santiago.<\/p>","protected":false},"excerpt":{"rendered":"<p><span style=\"color: #ff0000;\"><strong>Consulta a nuestro WhatsApp\u00a0 <\/strong><\/span>\u00abPedicure SPA con limpieza y masaje en Celabig Spa, Providencia, Santiago. \u00a1Reserva ahora!\u00bb<\/p>","protected":false},"featured_media":12011,"comment_status":"open","ping_status":"closed","template":"","meta":[],"etheme_brands":[],"product_brand":[],"product_cat":[128],"product_tag":[],"class_list":{"0":"post-11931","1":"product","2":"type-product","3":"status-publish","4":"has-post-thumbnail","6":"product_cat-pedicura","8":"first","9":"instock","10":"sold-individually","11":"product-type-external"},"_links":{"self":[{"href":"https:\/\/celabig.cl\/en\/wp-json\/wp\/v2\/product\/11931","targetHints":{"allow":["GET"]}}],"collection":[{"href":"https:\/\/celabig.cl\/en\/wp-json\/wp\/v2\/product"}],"about":[{"href":"https:\/\/celabig.cl\/en\/wp-json\/wp\/v2\/types\/product"}],"replies":[{"embeddable":true,"href":"https:\/\/celabig.cl\/en\/wp-json\/wp\/v2\/comments?post=11931"}],"version-history":[{"count":3,"href":"https:\/\/celabig.cl\/en\/wp-json\/wp\/v2\/product\/11931\/revisions"}],"predecessor-version":[{"id":12186,"href":"https:\/\/celabig.cl\/en\/wp-json\/wp\/v2\/product\/11931\/revisions\/12186"}],"wp:featuredmedia":[{"embeddable":true,"href":"https:\/\/celabig.cl\/en\/wp-json\/wp\/v2\/media\/12011"}],"wp:attachment":[{"href":"https:\/\/celabig.cl\/en\/wp-json\/wp\/v2\/media?parent=11931"}],"wp:term":[{"taxonomy":"brand","embeddable":true,"href":"https:\/\/celabig.cl\/en\/wp-json\/wp\/v2\/etheme_brands?post=11931"},{"taxonomy":"product_brand","embeddable":true,"href":"https:\/\/celabig.cl\/en\/wp-json\/wp\/v2\/product_brand?post=11931"},{"taxonomy":"product_cat","embeddable":true,"href":"https:\/\/celabig.cl\/en\/wp-json\/wp\/v2\/product_cat?post=11931"},{"taxonomy":"product_tag","embeddable":true,"href":"https:\/\/celabig.cl\/en\/wp-json\/wp\/v2\/product_tag?post=11931"}],"curies":[{"name":"wp","href":"https:\/\/api.w.org\/{rel}","templated":true}]}}