{"id":11933,"date":"2025-03-31T01:29:00","date_gmt":"2025-03-31T01:29:00","guid":{"rendered":"https:\/\/celabig.cl\/product\/mantenimiento-de-sistema-artificial\/"},"modified":"2026-03-19T18:00:07","modified_gmt":"2026-03-19T18:00:07","slug":"mantenimiento-de-sistema-artificial","status":"publish","type":"product","link":"https:\/\/celabig.cl\/en\/product\/mantenimiento-de-sistema-artificial\/","title":{"rendered":"Mantenimiento de Sistema Artificial"},"content":{"rendered":"<p>Mant\u00e9n tus u\u00f1as perfectas con el mantenimiento de sistema artificial en Celabig Spa, Santiago. Retoque para u\u00f1as hechas en Celabig (m\u00e1ximo 2 rellenos, 4 semanas por cita). Dise\u00f1o y decoraci\u00f3n adicional no incluidos. El mejor mantenimiento de u\u00f1as artificiales en Providencia, Santiago.<\/p>","protected":false},"excerpt":{"rendered":"<p><span style=\"color: #ff0000;\"><strong>Consulta a nuestro WhatsApp <\/strong><\/span>\u00abMantenimiento de u\u00f1as artificiales en Celabig Spa, Providencia, Santiago. \u00a1Reserva ahora!\u00bb<\/p>","protected":false},"featured_media":12060,"comment_status":"open","ping_status":"closed","template":"","meta":[],"etheme_brands":[],"product_brand":[],"product_cat":[130],"product_tag":[],"class_list":{"0":"post-11933","1":"product","2":"type-product","3":"status-publish","4":"has-post-thumbnail","6":"product_cat-mantenimiento-y-retiros","8":"first","9":"instock","10":"sold-individually","11":"product-type-external"},"_links":{"self":[{"href":"https:\/\/celabig.cl\/en\/wp-json\/wp\/v2\/product\/11933","targetHints":{"allow":["GET"]}}],"collection":[{"href":"https:\/\/celabig.cl\/en\/wp-json\/wp\/v2\/product"}],"about":[{"href":"https:\/\/celabig.cl\/en\/wp-json\/wp\/v2\/types\/product"}],"replies":[{"embeddable":true,"href":"https:\/\/celabig.cl\/en\/wp-json\/wp\/v2\/comments?post=11933"}],"version-history":[{"count":3,"href":"https:\/\/celabig.cl\/en\/wp-json\/wp\/v2\/product\/11933\/revisions"}],"predecessor-version":[{"id":12184,"href":"https:\/\/celabig.cl\/en\/wp-json\/wp\/v2\/product\/11933\/revisions\/12184"}],"wp:featuredmedia":[{"embeddable":true,"href":"https:\/\/celabig.cl\/en\/wp-json\/wp\/v2\/media\/12060"}],"wp:attachment":[{"href":"https:\/\/celabig.cl\/en\/wp-json\/wp\/v2\/media?parent=11933"}],"wp:term":[{"taxonomy":"brand","embeddable":true,"href":"https:\/\/celabig.cl\/en\/wp-json\/wp\/v2\/etheme_brands?post=11933"},{"taxonomy":"product_brand","embeddable":true,"href":"https:\/\/celabig.cl\/en\/wp-json\/wp\/v2\/product_brand?post=11933"},{"taxonomy":"product_cat","embeddable":true,"href":"https:\/\/celabig.cl\/en\/wp-json\/wp\/v2\/product_cat?post=11933"},{"taxonomy":"product_tag","embeddable":true,"href":"https:\/\/celabig.cl\/en\/wp-json\/wp\/v2\/product_tag?post=11933"}],"curies":[{"name":"wp","href":"https:\/\/api.w.org\/{rel}","templated":true}]}}