{"id":11934,"date":"2025-03-31T01:30:00","date_gmt":"2025-03-31T01:30:00","guid":{"rendered":"https:\/\/celabig.cl\/product\/kapping-en-unas-naturales-polygel-acrilicos-builder-gel\/"},"modified":"2026-03-19T17:58:55","modified_gmt":"2026-03-19T17:58:55","slug":"kapping-en-unas-naturales-polygel-acrilicos-builder-gel","status":"publish","type":"product","link":"https:\/\/celabig.cl\/en\/product\/kapping-en-unas-naturales-polygel-acrilicos-builder-gel\/","title":{"rendered":"Kapping en U\u00f1as Naturales (Polygel, Acr\u00edlicos, Builder Gel)"},"content":{"rendered":"<div>Protege tus u\u00f1as con kapping en Celabig Spa, Providencia, Santiago. Incluye limpieza profunda, aplicaci\u00f3n de productos color nude, esmaltado permanente, reparaci\u00f3n de u\u00f1a da\u00f1ada, exfoliaci\u00f3n, hidrataci\u00f3n, masaje relajante, 1 u\u00f1a con encapsulado y retiro de sistema anterior (realizado en Celabig). Ideal para kapping en u\u00f1as naturales en Santiago.<\/div>\n<div><\/div>\n<div><span style=\"color: #ff0000;\"><strong>Nota: Puedes agregar dise\u00f1o a mano alzada, efectos (efecto ojo de gato, efecto aurora, efecto espejo), encapsulado, degrad\u00e9, cristales o siguiente nivel por un costo adicional dependiente del dise\u00f1o que elijas.<\/strong><\/span><\/div>","protected":false},"excerpt":{"rendered":"<p><span style=\"color: #ff0000;\"><strong>Consulta a nuestro WhatsApp <\/strong><\/span>\u00abKapping en u\u00f1as naturales con cuidado premium en Celabig Spa, Santiago. \u00a1Reserva ahora!\u00bb<\/p>","protected":false},"featured_media":14380,"comment_status":"open","ping_status":"closed","template":"","meta":[],"etheme_brands":[],"product_brand":[],"product_cat":[126],"product_tag":[],"class_list":{"0":"post-11934","1":"product","2":"type-product","3":"status-publish","4":"has-post-thumbnail","6":"product_cat-manicura","8":"first","9":"instock","10":"sold-individually","11":"product-type-external"},"_links":{"self":[{"href":"https:\/\/celabig.cl\/en\/wp-json\/wp\/v2\/product\/11934","targetHints":{"allow":["GET"]}}],"collection":[{"href":"https:\/\/celabig.cl\/en\/wp-json\/wp\/v2\/product"}],"about":[{"href":"https:\/\/celabig.cl\/en\/wp-json\/wp\/v2\/types\/product"}],"replies":[{"embeddable":true,"href":"https:\/\/celabig.cl\/en\/wp-json\/wp\/v2\/comments?post=11934"}],"version-history":[{"count":5,"href":"https:\/\/celabig.cl\/en\/wp-json\/wp\/v2\/product\/11934\/revisions"}],"predecessor-version":[{"id":14386,"href":"https:\/\/celabig.cl\/en\/wp-json\/wp\/v2\/product\/11934\/revisions\/14386"}],"wp:featuredmedia":[{"embeddable":true,"href":"https:\/\/celabig.cl\/en\/wp-json\/wp\/v2\/media\/14380"}],"wp:attachment":[{"href":"https:\/\/celabig.cl\/en\/wp-json\/wp\/v2\/media?parent=11934"}],"wp:term":[{"taxonomy":"brand","embeddable":true,"href":"https:\/\/celabig.cl\/en\/wp-json\/wp\/v2\/etheme_brands?post=11934"},{"taxonomy":"product_brand","embeddable":true,"href":"https:\/\/celabig.cl\/en\/wp-json\/wp\/v2\/product_brand?post=11934"},{"taxonomy":"product_cat","embeddable":true,"href":"https:\/\/celabig.cl\/en\/wp-json\/wp\/v2\/product_cat?post=11934"},{"taxonomy":"product_tag","embeddable":true,"href":"https:\/\/celabig.cl\/en\/wp-json\/wp\/v2\/product_tag?post=11934"}],"curies":[{"name":"wp","href":"https:\/\/api.w.org\/{rel}","templated":true}]}}