{"id":12889,"date":"2025-09-01T22:13:47","date_gmt":"2025-09-01T22:13:47","guid":{"rendered":"https:\/\/celabig.cl\/?post_type=product&#038;p=12889"},"modified":"2026-03-19T17:48:43","modified_gmt":"2026-03-19T17:48:43","slug":"curso-de-disenos-artisticos-con-geles-para-unas-3","status":"publish","type":"product","link":"https:\/\/celabig.cl\/en\/product\/curso-de-disenos-artisticos-con-geles-para-unas-3\/","title":{"rendered":"Curso de Dise\u00f1os Art\u00edsticos con Geles para U\u00f1as"},"content":{"rendered":"","protected":false},"excerpt":{"rendered":"","protected":false},"featured_media":12230,"comment_status":"open","ping_status":"closed","template":"","meta":[],"etheme_brands":[],"product_brand":[],"product_cat":[132],"product_tag":[],"class_list":{"0":"post-12889","1":"product","2":"type-product","3":"status-publish","4":"has-post-thumbnail","6":"product_cat-cursos-profesionales","8":"first","9":"instock","10":"taxable","11":"shipping-taxable","12":"product-type-external"},"_links":{"self":[{"href":"https:\/\/celabig.cl\/en\/wp-json\/wp\/v2\/product\/12889","targetHints":{"allow":["GET"]}}],"collection":[{"href":"https:\/\/celabig.cl\/en\/wp-json\/wp\/v2\/product"}],"about":[{"href":"https:\/\/celabig.cl\/en\/wp-json\/wp\/v2\/types\/product"}],"replies":[{"embeddable":true,"href":"https:\/\/celabig.cl\/en\/wp-json\/wp\/v2\/comments?post=12889"}],"version-history":[{"count":1,"href":"https:\/\/celabig.cl\/en\/wp-json\/wp\/v2\/product\/12889\/revisions"}],"predecessor-version":[{"id":12902,"href":"https:\/\/celabig.cl\/en\/wp-json\/wp\/v2\/product\/12889\/revisions\/12902"}],"wp:featuredmedia":[{"embeddable":true,"href":"https:\/\/celabig.cl\/en\/wp-json\/wp\/v2\/media\/12230"}],"wp:attachment":[{"href":"https:\/\/celabig.cl\/en\/wp-json\/wp\/v2\/media?parent=12889"}],"wp:term":[{"taxonomy":"brand","embeddable":true,"href":"https:\/\/celabig.cl\/en\/wp-json\/wp\/v2\/etheme_brands?post=12889"},{"taxonomy":"product_brand","embeddable":true,"href":"https:\/\/celabig.cl\/en\/wp-json\/wp\/v2\/product_brand?post=12889"},{"taxonomy":"product_cat","embeddable":true,"href":"https:\/\/celabig.cl\/en\/wp-json\/wp\/v2\/product_cat?post=12889"},{"taxonomy":"product_tag","embeddable":true,"href":"https:\/\/celabig.cl\/en\/wp-json\/wp\/v2\/product_tag?post=12889"}],"curies":[{"name":"wp","href":"https:\/\/api.w.org\/{rel}","templated":true}]}}