{"id":12891,"date":"2025-09-01T22:13:47","date_gmt":"2025-09-01T22:13:47","guid":{"rendered":"https:\/\/celabig.cl\/?post_type=product&#038;p=12891"},"modified":"2026-03-19T17:49:56","modified_gmt":"2026-03-19T17:49:56","slug":"curso-de-esculpidos-basicos-de-salon-para-unas-3","status":"publish","type":"product","link":"https:\/\/celabig.cl\/en\/product\/curso-de-esculpidos-basicos-de-salon-para-unas-3\/","title":{"rendered":"Curso de Esculpidos B\u00e1sicos de Sal\u00f3n para U\u00f1as"},"content":{"rendered":"","protected":false},"excerpt":{"rendered":"","protected":false},"featured_media":12263,"comment_status":"open","ping_status":"closed","template":"","meta":[],"etheme_brands":[],"product_brand":[],"product_cat":[132],"product_tag":[],"class_list":{"0":"post-12891","1":"product","2":"type-product","3":"status-publish","4":"has-post-thumbnail","6":"product_cat-cursos-profesionales","8":"first","9":"instock","10":"taxable","11":"shipping-taxable","12":"product-type-external"},"_links":{"self":[{"href":"https:\/\/celabig.cl\/en\/wp-json\/wp\/v2\/product\/12891","targetHints":{"allow":["GET"]}}],"collection":[{"href":"https:\/\/celabig.cl\/en\/wp-json\/wp\/v2\/product"}],"about":[{"href":"https:\/\/celabig.cl\/en\/wp-json\/wp\/v2\/types\/product"}],"replies":[{"embeddable":true,"href":"https:\/\/celabig.cl\/en\/wp-json\/wp\/v2\/comments?post=12891"}],"version-history":[{"count":1,"href":"https:\/\/celabig.cl\/en\/wp-json\/wp\/v2\/product\/12891\/revisions"}],"predecessor-version":[{"id":12904,"href":"https:\/\/celabig.cl\/en\/wp-json\/wp\/v2\/product\/12891\/revisions\/12904"}],"wp:featuredmedia":[{"embeddable":true,"href":"https:\/\/celabig.cl\/en\/wp-json\/wp\/v2\/media\/12263"}],"wp:attachment":[{"href":"https:\/\/celabig.cl\/en\/wp-json\/wp\/v2\/media?parent=12891"}],"wp:term":[{"taxonomy":"brand","embeddable":true,"href":"https:\/\/celabig.cl\/en\/wp-json\/wp\/v2\/etheme_brands?post=12891"},{"taxonomy":"product_brand","embeddable":true,"href":"https:\/\/celabig.cl\/en\/wp-json\/wp\/v2\/product_brand?post=12891"},{"taxonomy":"product_cat","embeddable":true,"href":"https:\/\/celabig.cl\/en\/wp-json\/wp\/v2\/product_cat?post=12891"},{"taxonomy":"product_tag","embeddable":true,"href":"https:\/\/celabig.cl\/en\/wp-json\/wp\/v2\/product_tag?post=12891"}],"curies":[{"name":"wp","href":"https:\/\/api.w.org\/{rel}","templated":true}]}}