{"id":14223,"date":"2025-12-08T19:59:24","date_gmt":"2025-12-08T19:59:24","guid":{"rendered":"https:\/\/celabig.cl\/?post_type=product&#038;p=14223"},"modified":"2026-03-19T22:00:40","modified_gmt":"2026-03-19T22:00:40","slug":"tecnico-integral-en-unas-de-salon","status":"publish","type":"product","link":"https:\/\/celabig.cl\/en\/product\/tecnico-integral-en-unas-de-salon\/","title":{"rendered":"M\u00c1STER APLICADOR  EN U\u00d1AS DE SAL\u00d3N"},"content":{"rendered":"<p>&nbsp;<\/p>\n<p>&nbsp;<\/p>\n<p>&nbsp;<\/p>\n<style>\n    body {<br \/>        font-family: 'Montserrat', sans-serif;<br \/>        margin: 0;<br \/>        padding: 0;<br \/>        background: #fafafa;<br \/>        color: #111;<br \/>        line-height: 1.7;<br \/>    }<br \/>    h1, h2, h3 {<br \/>        font-family: 'Playfair Display', serif;<br \/>        margin-bottom: 12px;<br \/>        text-align: center;<br \/>    }<br \/>    .section {<br \/>        padding: 50px 20px;<br \/>        max-width: 900px;<br \/>        margin: auto;<br \/>    }<br \/>    ul {<br \/>        padding-left: 0;<br \/>        list-style: none;<br \/>    }<br \/>    ul li {<br \/>        margin-bottom: 10px;<br \/>        font-size: 18px;<br \/>    }<br \/>    .cta {<br \/>        text-align: center;<br \/>        margin-top: 40px;<br \/>    }<br \/>    .cta a {<br \/>        background: #25d366;<br \/>        color: #fff;<br \/>        padding: 16px 35px;<br \/>        font-size: 20px;<br \/>        border-radius: 50px;<br \/>        text-decoration: none;<br \/>        font-weight: 700;<br \/>        transition: 0.3s;<br \/>        display: inline-block;<br \/>    }<br \/>    .cta a:hover {<br \/>        background: #1da851;<br \/>    }<br \/><\/style>\n<p>&nbsp;<\/p>\n<p>&nbsp;<\/p>\n<p><!-- HERO --><\/p>\n<section class=\"section\" style=\"text-align: center;\">\n<h1><span class=\"a_GcMg font-feature-liga-off font-feature-clig-off font-feature-calt-off text-decoration-none text-strikethrough-none\">M\u00e1ster Aplicador en U\u00f1as de Sal\u00f3n<\/span><\/h1>\n<p style=\"font-size: 18px;\"><span class=\"a_GcMg font-feature-liga-off font-feature-clig-off font-feature-calt-off text-decoration-none text-strikethrough-none\">Formaci\u00f3n Integral para Manicuristas Modernas<\/span><\/p>\n<\/section>\n<p><!-- DESCRIPCI\u00d3N --><\/p>\n<section class=\"section\">\n<h2>\ud83d\udcd8 \u00bfQu\u00e9 aprender\u00e1s en esta capacitaci\u00f3n?<\/h2>\n<ul>\n<li>\n<div>\n<p>1. Manicura Profesional + Gel Polish<\/p>\n<div>\n<div>\n<div>\n<p>&nbsp;<\/p>\n<\/div>\n<div>\n<p>Aprender\u00e1s la base fundamental de todoS LOS servicioS de u\u00f1as: una manicura limpia, segura y duradera.<\/p>\n<\/div>\n<div>\n<p>Contenido:<\/p>\n<\/div>\n<ul>\n<li>TIPOS DE MANICURA<\/li>\n<li>ALTERACIONES DE LAS U\u00d1AS DE LAS MANOS M\u00c1S COMUNES<\/li>\n<li>Anatom\u00eda b\u00e1sica de la u\u00f1a natural<\/li>\n<li>Preparaci\u00f3n correcta de la u\u00f1a<\/li>\n<li>Limpieza de cut\u00edcula<\/li>\n<li>T\u00e9cnicas correctas de limado<\/li>\n<li>Aplicaci\u00f3n correcta de gel polish<\/li>\n<li>Sellado y durabilidad del servicio<\/li>\n<li>Errores comunes y c\u00f3mo evitarlos<\/li>\n<li>RECOMENDACIONES PARA EVITAR LOS DESPRENDIMIENTOS DEL ESMALTE EN GEL<\/li>\n<li>REMOCI\u00d3N CORRECTA DEL ESMALTE EN GEL.<\/li>\n<\/ul>\n<\/div>\n<\/div>\n<\/div>\n<div>\n<p>2. Manicura Dry Combinada y Nivelaci\u00f3n con base Rubber<\/p>\n<div>\n<div>\n<div>\n<p>T\u00e9cnica moderna que permite realizar una manicura m\u00e1s profunda y duradera.<\/p>\n<\/div>\n<div>\n<p>Contenido:<\/p>\n<\/div>\n<div>\n<p>M\u00d3DULO 1 \u2013 Introducci\u00f3n y Fundamentos<\/p>\n<\/div>\n<div>\n<p>1. Importancia de la manicura profesional<\/p>\n<\/div>\n<div>\n<p>2. Diferencias entre manicura tradicional, rusa y dry combinada<\/p>\n<\/div>\n<div>\n<p>3. Anatom\u00eda de la u\u00f1a natural<\/p>\n<\/div>\n<div>\n<p>4. Patolog\u00edas y contraindicaciones<\/p>\n<\/div>\n<div>\n<p>5. Normas de bioseguridad<\/p>\n<\/div>\n<div>\n<p>6. Preparaci\u00f3n del \u00e1rea de trabajo<\/p>\n<\/div>\n<div>\n<p>M\u00d3DULO 2 \u2013 Herramientas y Materiales<\/p>\n<\/div>\n<ul>\n<li>1. El torno y sus componentes<\/li>\n<li>2. Brocas: tipos y usos principales<\/li>\n<\/ul>\n<div>\n<p>3. Mantenimiento y cuidado del equipo<\/p>\n<\/div>\n<div>\n<p>4. Materiales complementarios<\/p>\n<\/div>\n<div>\n<p>5. Seguridad en el uso del torno<\/p>\n<\/div>\n<div>\n<p>M\u00d3DULO 3 \u2013 T\u00e9cnica de Manicura Dry Combinada<\/p>\n<\/div>\n<ul>\n<li>1. Preparaci\u00f3n previa<\/li>\n<li>2. Uso del torno en la cut\u00edcula<\/li>\n<\/ul>\n<div>\n<p>3. Uso de tijeras o alicates<\/p>\n<\/div>\n<div>\n<p>4. Limpieza y pulido<\/p>\n<\/div>\n<div>\n<p>5. Errores comunes<\/p>\n<\/div>\n<ul>\n<li>M\u00d3DULO 4 \u2013 Nivelaci\u00f3n y Balance de la Base<\/li>\n<li>1. Concepto de nivelaci\u00f3n<\/li>\n<\/ul>\n<div>\n<p>2. Balance estructural<\/p>\n<\/div>\n<div>\n<p>3. Aplicaci\u00f3n paso a paso<\/p>\n<\/div>\n<div>\n<p>4. Correcci\u00f3n de u\u00f1as problem\u00e1ticas<\/p>\n<\/div>\n<ul>\n<li>5. Errores comunes:<\/li>\n<li>M\u00d3DULO 5 \u2013 Esmaltado profesional<\/li>\n<li>M\u00d3DULO 6 \u2013 Finalizaci\u00f3n y cuidados posteriores<\/li>\n<li>M\u00d3DULO 7 \u2013 Pr\u00e1ctica supervisada<\/li>\n<\/ul>\n<div>\n<p>M\u00d3DULO 8 \u2013 Cierre y certificaci\u00f3n<\/p>\n<\/div>\n<\/div>\n<\/div>\n<\/div>\n<div>\n<p>3. Pedicura Est\u00e9tica Profesional con Torno- Higiene y Bioseguridad para t\u00e9cnicos en u\u00f1as<\/p>\n<div>\n<div>\n<div>\n<p>Formaci\u00f3n enfocada en el cuidado est\u00e9tico del pie y la correcta aplicaci\u00f3n de protocolos sanitarios.<\/p>\n<\/div>\n<div>\n<p>Contenido:<\/p>\n<\/div>\n<div>\n<p>Introducci\u00f3n a la Pedicura Est\u00e9tica al Seco<\/p>\n<\/div>\n<ul>\n<li>\u00bfQu\u00e9 es la t\u00e9cnica al seco?<\/li>\n<li>Ventajas y diferencias frente a la pedicura tradicional.<\/li>\n<li>Identificaci\u00f3n del tipo de piel y de u\u00f1a<\/li>\n<li>PEDICURA PROFUNDA<\/li>\n<li>ESMALTADO PERFECTO<\/li>\n<li>PULIDO DE PIEL<\/li>\n<li>Tipos de Pedicura en el Sal\u00f3n<\/li>\n<li>Pedicura est\u00e9tica tradicional.<\/li>\n<li>Pedicura est\u00e9tica al seco con brocas.<\/li>\n<li>Pedicura spa.<\/li>\n<li>Cu\u00e1ndo derivar aL CLIENTE CON un profesional pod\u00f3logo.<\/li>\n<li>Tipos de brocas seg\u00fan zona del pie.<\/li>\n<li>Velocidades, control del torno y seguridad.<\/li>\n<li>Reducci\u00f3n de durezas, pulido y perfeccionamiento.<\/li>\n<\/ul>\n<div>\n<p>Uso Profesional de Brocas en Pedicura<\/p>\n<\/div>\n<ul>\n<li>Tipos de brocas seg\u00fan zona del pie.<\/li>\n<li>Velocidades, control del torno y seguridad.<\/li>\n<li>Reducci\u00f3n de durezas, pulido y perfeccionamiento.<\/li>\n<\/ul>\n<div>\n<p>Patolog\u00edas Comunes<\/p>\n<\/div>\n<div>\n<p>Aprender\u00e1s a identificar las alteraciones m\u00e1s frecuentes para saber cu\u00e1ndo se puede trabajar y cu\u00e1ndo se debe derivar:<\/p>\n<\/div>\n<ul>\n<li>Onicolisis<\/li>\n<li>Onicocriptosis (u\u00f1as encarnadas)<\/li>\n<li>Hiperqueratosis<\/li>\n<li>Helomas (callos)<\/li>\n<li>Hongos (onicomicosis y pie de atleta)<\/li>\n<\/ul>\n<\/div>\n<\/div>\n<\/div>\n<div>\n<p>4. Sistema Soft Gel \u2013 Extensiones Express<\/p>\n<div>\n<div>\n<div>\n<p>Uno de los sistemas m\u00e1s r\u00e1pidos y modernos para realizar extensiones<\/p>\n<\/div>\n<div>\n<p>Contenido:<\/p>\n<\/div>\n<ul>\n<li>C\u00f3mo seleccionar el tip correcto para la t\u00e9cnica de Soft Gel.<\/li>\n<li>T\u00e9cnica de encapsulado<\/li>\n<li>Degrad\u00e9s utilizando elementos decorativos.<\/li>\n<li>Aplicaci\u00f3n de esmaltado semipermanente perfecto, sin bordes ni imperfecciones.<\/li>\n<li>Acabados profesionales que garantizan calidad y durabilidad.<\/li>\n<li>Tips y asesor\u00eda personalizada en cada pr\u00e1ctica.<\/li>\n<li>Manicura pro<\/li>\n<li>Uso y manejo de torno<\/li>\n<\/ul>\n<\/div>\n<\/div>\n<\/div>\n<div>\n<p>5. Sistemas de Construcci\u00f3n Profesional (Acr\u00edlico, Gel y Polygel)<\/p>\n<div>\n<div>\n<p>En este m\u00f3dulo aprender\u00e1s a trabajar los principales sistemas de construcci\u00f3n utilizados en el sal\u00f3n.<\/p>\n<\/div>\n<div>\n<p>Contenido:<\/p>\n<\/div>\n<div>\n<p>Calibraci\u00f3n de Perlas + Pr\u00e1cticas en Paletas<\/p>\n<\/div>\n<ul>\n<li>Partes del pincel y cuidados esenciales.<\/li>\n<li>Identificaci\u00f3n de perlas: h\u00fameda, media y seca.<\/li>\n<li>C\u00f3mo controlar la humedad seg\u00fan clima.<\/li>\n<li>Ejercicios guiados en paletas para dominar:<\/li>\n<li>Calibraci\u00f3n de perlas.<\/li>\n<li>Posicionamiento del pincel<\/li>\n<li>manejo y dominio del producto<\/li>\n<li>Aplicaci\u00f3n uniforme de manera profesional<\/li>\n<li>Revestimiento en U\u00f1as Naturales<\/li>\n<li>Preparaci\u00f3n correcta de la u\u00f1a natural.<\/li>\n<li>T\u00e9cnicas de adherencia y cuidado para evitar levantamientos.<\/li>\n<li>Aplicaci\u00f3n de acr\u00edlico.<\/li>\n<li>Grosor ideal, nivelaci\u00f3n y sellado.<\/li>\n<li>Pulido y perfeccionamiento.<\/li>\n<li>Manejo y uso de Torno<\/li>\n<li>Fresas y uso<\/li>\n<li>Causas de levantamientos prematuros<\/li>\n<\/ul>\n<div>\n<p>TECNICAS<\/p>\n<\/div>\n<ul>\n<li>Baby Boomer<\/li>\n<li>Un solo tono<\/li>\n<li>Encapsulado<\/li>\n<li>Degrades con Glitter<\/li>\n<\/ul>\n<div>\n<p class=\"cvGsUA direction-ltr align-start para-style-body\"><span class=\"a_GcMg font-feature-liga-off font-feature-clig-off font-feature-calt-off text-decoration-underline text-strikethrough-none\">6.\u2013 Estructuras en Acr\u00edlico (Tips) \u2013 Almond, Coffin, Stiletto y Cuadrada<\/span><\/p>\n<ul>\n<li><span class=\"a_GcMg font-feature-liga-off font-feature-clig-off font-feature-calt-off text-decoration-none text-strikethrough-none\">Selecci\u00f3n correcta de tips seg\u00fan tipo de u\u00f1a.<\/span><\/li>\n<li><span class=\"a_GcMg font-feature-liga-off font-feature-clig-off font-feature-calt-off text-decoration-none text-strikethrough-none\">T\u00e9cnica profesional para adherir tips sin burbujas.<\/span><\/li>\n<li><span class=\"a_GcMg font-feature-liga-off font-feature-clig-off font-feature-calt-off text-decoration-none text-strikethrough-none\">Creaci\u00f3n de estructura y arquitectura:<\/span><\/li>\n<li><span class=\"a_GcMg font-feature-liga-off font-feature-clig-off font-feature-calt-off text-decoration-none text-strikethrough-none\">Almond<\/span><\/li>\n<li><span class=\"a_GcMg font-feature-liga-off font-feature-clig-off font-feature-calt-off text-decoration-none text-strikethrough-none\">Coffin<\/span><\/li>\n<li><span class=\"a_GcMg font-feature-liga-off font-feature-clig-off font-feature-calt-off text-decoration-none text-strikethrough-none\">Stiletto<\/span><\/li>\n<li><span class=\"a_GcMg font-feature-liga-off font-feature-clig-off font-feature-calt-off text-decoration-none text-strikethrough-none\">Cuadrada<\/span><\/li>\n<li><span class=\"a_GcMg font-feature-liga-off font-feature-clig-off font-feature-calt-off text-decoration-none text-strikethrough-none\">Sellado de producto en zona de cut\u00edcula<\/span><\/li>\n<li><span class=\"a_GcMg font-feature-liga-off font-feature-clig-off font-feature-calt-off text-decoration-none text-strikethrough-none\">Grosor ideal, apex, laterales, faldones y punta.<\/span><\/li>\n<li><span class=\"a_GcMg font-feature-liga-off font-feature-clig-off font-feature-calt-off text-decoration-none text-strikethrough-none\">T\u00e9cnica de limado para un acabado perfecto.<\/span>\n<p class=\"cvGsUA direction-ltr align-start para-style-body\"><span class=\"a_GcMg font-feature-liga-off font-feature-clig-off font-feature-calt-off text-decoration-none text-strikethrough-none\">7.Construcci\u00f3n con gel Y POLYGEL<\/span><\/p>\n<ul>\n<li><span class=\"a_GcMg font-feature-liga-off font-feature-clig-off font-feature-calt-off text-decoration-none text-strikethrough-none\">T\u00c9CNICA HIBRIDA<\/span><\/li>\n<li><span class=\"a_GcMg font-feature-liga-off font-feature-clig-off font-feature-calt-off text-decoration-none text-strikethrough-none\">T\u00e9cnica dual FORMS<\/span><\/li>\n<li><span class=\"a_GcMg font-feature-liga-off font-feature-clig-off font-feature-calt-off text-decoration-none text-strikethrough-none\">Control de estructura y arquitectura de la u\u00f1a<\/span><\/li>\n<li><span class=\"a_GcMg font-feature-liga-off font-feature-clig-off font-feature-calt-off text-decoration-none text-strikethrough-none\">Formas comerciales de sal\u00f3n:<\/span><\/li>\n<\/ul>\n<p class=\"cvGsUA direction-ltr align-start para-style-body\"><span class=\"a_GcMg font-feature-liga-off font-feature-clig-off font-feature-calt-off text-decoration-none text-strikethrough-none\">Square<\/span><\/p>\n<p class=\"cvGsUA direction-ltr align-start para-style-body\"><span class=\"a_GcMg font-feature-liga-off font-feature-clig-off font-feature-calt-off text-decoration-none text-strikethrough-none\">Coffin<\/span><\/p>\n<p class=\"cvGsUA direction-ltr align-start para-style-body\"><span class=\"a_GcMg font-feature-liga-off font-feature-clig-off font-feature-calt-off text-decoration-none text-strikethrough-none\">Almond<\/span><\/p>\n<p class=\"cvGsUA direction-ltr align-start para-style-body\"><span class=\"a_GcMg font-feature-liga-off font-feature-clig-off font-feature-calt-off text-decoration-none text-strikethrough-none\">Stiletto<\/span><\/p>\n<\/li>\n<\/ul>\n<\/div>\n<\/div>\n<\/div>\n<div>\n<p>8. Mantenimiento y Correcci\u00f3n de Estructuras<\/p>\n<div>\n<div>\n<div>\n<p>Aprender\u00e1s a realizar servicios de retoque y mantenimiento profesional.<\/p>\n<\/div>\n<div>\n<p>Contenido:<\/p>\n<\/div>\n<ul>\n<li>Evaluaci\u00f3n de estructuras<\/li>\n<li>T\u00e9cnica correcta de relleno<\/li>\n<li>Balance y correcci\u00f3n de la u\u00f1a<\/li>\n<li>Reparaci\u00f3n de u\u00f1as fracturadas<\/li>\n<li>Cambio de forma en mantenimiento<\/li>\n<\/ul>\n<\/div>\n<\/div>\n<\/div>\n<div>\n<p>9. Nail Art Profesionalcon Geles<\/p>\n<div>\n<div>\n<div>\n<p>Dise\u00f1os modernos y comerciales para aumentar el valor de los servicios.<\/p>\n<\/div>\n<div>\n<p>Contenido:<\/p>\n<\/div>\n<div>\n<p>Introducci\u00f3n al gel painting<\/p>\n<\/div>\n<div>\n<p>Control del pincel<\/p>\n<\/div>\n<div>\n<p>Dise\u00f1os de sal\u00f3n r\u00e1pidos<\/p>\n<\/div>\n<ul>\n<li>Efectos con gel<\/li>\n<li>Composici\u00f3n y armon\u00eda en dise\u00f1os<\/li>\n<\/ul>\n<\/div>\n<\/div>\n<\/div>\n<div>\n<p>10. Fotograf\u00eda Profesional y Marketing para Manicuristas<\/p>\n<p class=\"cvGsUA direction-ltr align-start para-style-body\"><span class=\"a_GcMg font-feature-liga-off font-feature-clig-off font-feature-calt-off text-decoration-none text-strikethrough-none\">Aprender\u00e1s a mostrar tu trabajo de forma profesional para atraer m\u00e1s clientas.<\/span><\/p>\n<p class=\"cvGsUA direction-ltr align-start para-style-body\"><span class=\"a_GcMg font-feature-liga-off font-feature-clig-off font-feature-calt-off text-decoration-none text-strikethrough-none\">Contenido:<\/span><\/p>\n<ul>\n<li><span class=\"a_GcMg font-feature-liga-off font-feature-clig-off font-feature-calt-off text-decoration-none text-strikethrough-none\">Fotograf\u00eda de u\u00f1as con celular<\/span><\/li>\n<li><span class=\"a_GcMg font-feature-liga-off font-feature-clig-off font-feature-calt-off text-decoration-none text-strikethrough-none\">Iluminaci\u00f3n correcta<\/span><\/li>\n<li><span class=\"a_GcMg font-feature-liga-off font-feature-clig-off font-feature-calt-off text-decoration-none text-strikethrough-none\">\u00c1ngulos que favorecen el trabajo<\/span><\/li>\n<li><span class=\"a_GcMg font-feature-liga-off font-feature-clig-off font-feature-calt-off text-decoration-none text-strikethrough-none\">Fondos y composici\u00f3n<\/span><\/li>\n<li><span class=\"a_GcMg font-feature-liga-off font-feature-clig-off font-feature-calt-off text-decoration-none text-strikethrough-none\">Edici\u00f3n b\u00e1sica de fotograf\u00edas<\/span><\/li>\n<li><span class=\"a_GcMg font-feature-liga-off font-feature-clig-off font-feature-calt-off text-decoration-none text-strikethrough-none\">Creaci\u00f3n de contenido para redes sociales<\/span><\/li>\n<li><span class=\"a_GcMg font-feature-liga-off font-feature-clig-off font-feature-calt-off text-decoration-none text-strikethrough-none\">Estrategias para atraer clientas<\/span><\/li>\n<\/ul>\n<\/div>\n<\/li>\n<\/ul>\n<\/section>\n<p><!-- BENEFICIOS --><\/p>\n<section class=\"section\">\n<h2>\u00a0Beneficios de esta formaci\u00f3n<\/h2>\n<ul>\n<li>\u00a0Formaci\u00f3n integral para salir lista al campo laboral.<\/li>\n<li>\u00a0Acompa\u00f1amiento personalizado y gu\u00eda constante.<\/li>\n<li>\u00a0Material de apoyo incluido durante la pr\u00e1ctica.<\/li>\n<li>\u00a0Aprender\u00e1s a presentar y fotografiar tu trabajo para atraer clientas.<\/li>\n<li>\u00a0Ambiente de crecimiento y compa\u00f1erismo.<\/li>\n<li>\u00a0Certificado de aprobaci\u00f3n al finalizar.<\/li>\n<li>\u00a0Oportunidades laborales y posibilidad de emprender en tu propio sal\u00f3n.<\/li>\n<\/ul>\n<\/section>\n<p><!-- DIRIGIDO A --><\/p>\n<section class=\"section\">\n<h2>\u00a0\u00bfA qui\u00e9n va dirigido?<\/h2>\n<ul>\n<li>\u00a0Personas que desean iniciar desde cero en el mundo de las u\u00f1as.<\/li>\n<li>\u00a0Manicuristas que quieren perfeccionar su t\u00e9cnica y resultados.<\/li>\n<li>\u00a0Quienes buscan ofrecer servicios m\u00e1s rentables y actualizados.<\/li>\n<li>\u00a0Estudiantes que quieren gu\u00eda clara, acompa\u00f1amiento y pr\u00e1ctica real.<\/li>\n<\/ul>\n<\/section>\n<p><!-- MODALIDAD --><\/p>\n<section class=\"section\">\n<h2>\u00a0Modalidad: Presencial<\/h2>\n<ul>\n<li>\ud83d\udccd Ubicaci\u00f3n: Padre Mariano 87, Providencia.<\/li>\n<li>\ud83d\udd52 Clases semanales.<\/li>\n<li>\ud83d\udcd8 Material te\u00f3rico incluido.<\/li>\n<li>\ud83e\uddea Material qu\u00edmico facilitado durante las pr\u00e1cticas.<\/li>\n<li>\ud83c\udf81 Kit de apoyo b\u00e1sico.<\/li>\n<li>\u2615 Coffee break.<\/li>\n<\/ul>\n<\/section>\n<p><!-- CTA --><\/p>\n<section class=\"section cta\"><a href=\"https:\/\/wa.me\/56932733196?text=Hola,%20quiero%20m\u00e1s%20informaci\u00f3n%20sobre%20el%20curso%20T\u00e9cnico%20Integral%20en%20U\u00f1as%20de%20Sal\u00f3n\" target=\"_blank\" rel=\"noopener\"><br \/>\n\ud83d\udcac Pedir informaci\u00f3n por WhatsApp<br \/>\n<\/a><\/section>\n<p>&nbsp;<\/p>","protected":false},"excerpt":{"rendered":"<p>&nbsp; &nbsp; &nbsp; &nbsp; &nbsp; M\u00e1ster Aplicador en U\u00f1as de Sal\u00f3n Formaci\u00f3n Integral para Manicuristas&#8230;<\/p>","protected":false},"featured_media":14393,"comment_status":"open","ping_status":"closed","template":"","meta":[],"etheme_brands":[],"product_brand":[],"product_cat":[132],"product_tag":[],"class_list":{"0":"post-14223","1":"product","2":"type-product","3":"status-publish","4":"has-post-thumbnail","6":"product_cat-cursos-profesionales","8":"first","9":"instock","10":"taxable","11":"shipping-taxable","12":"product-type-external"},"_links":{"self":[{"href":"https:\/\/celabig.cl\/en\/wp-json\/wp\/v2\/product\/14223","targetHints":{"allow":["GET"]}}],"collection":[{"href":"https:\/\/celabig.cl\/en\/wp-json\/wp\/v2\/product"}],"about":[{"href":"https:\/\/celabig.cl\/en\/wp-json\/wp\/v2\/types\/product"}],"replies":[{"embeddable":true,"href":"https:\/\/celabig.cl\/en\/wp-json\/wp\/v2\/comments?post=14223"}],"version-history":[{"count":6,"href":"https:\/\/celabig.cl\/en\/wp-json\/wp\/v2\/product\/14223\/revisions"}],"predecessor-version":[{"id":14397,"href":"https:\/\/celabig.cl\/en\/wp-json\/wp\/v2\/product\/14223\/revisions\/14397"}],"wp:featuredmedia":[{"embeddable":true,"href":"https:\/\/celabig.cl\/en\/wp-json\/wp\/v2\/media\/14393"}],"wp:attachment":[{"href":"https:\/\/celabig.cl\/en\/wp-json\/wp\/v2\/media?parent=14223"}],"wp:term":[{"taxonomy":"brand","embeddable":true,"href":"https:\/\/celabig.cl\/en\/wp-json\/wp\/v2\/etheme_brands?post=14223"},{"taxonomy":"product_brand","embeddable":true,"href":"https:\/\/celabig.cl\/en\/wp-json\/wp\/v2\/product_brand?post=14223"},{"taxonomy":"product_cat","embeddable":true,"href":"https:\/\/celabig.cl\/en\/wp-json\/wp\/v2\/product_cat?post=14223"},{"taxonomy":"product_tag","embeddable":true,"href":"https:\/\/celabig.cl\/en\/wp-json\/wp\/v2\/product_tag?post=14223"}],"curies":[{"name":"wp","href":"https:\/\/api.w.org\/{rel}","templated":true}]}}